{"id":793,"date":"2025-03-19T17:47:36","date_gmt":"2025-03-19T16:47:36","guid":{"rendered":"http:\/\/projekt.masterlightservice.pl\/?page_id=793"},"modified":"2025-05-04T12:33:28","modified_gmt":"2025-05-04T10:33:28","slug":"oswietlenie-szpitali","status":"publish","type":"page","link":"https:\/\/masterlightservice.pl\/en\/oswietlenie-szpitali\/","title":{"rendered":"Hospital lighting"},"content":{"rendered":"<div data-elementor-type=\"wp-page\" data-elementor-id=\"793\" class=\"elementor elementor-793\">\n\t\t\t\t<div class=\"elementor-element elementor-element-eff94e5 e-flex e-con-boxed sc_layouts_column_icons_position_left e-con e-parent\" data-id=\"eff94e5\" data-element_type=\"container\" data-settings=\"{&quot;background_background&quot;:&quot;classic&quot;}\">\n\t\t\t\t\t<div class=\"e-con-inner\">\n\t\t\t\t<div class=\"elementor-element elementor-element-67bfae4 sc_fly_static elementor-widget elementor-widget-spacer\" data-id=\"67bfae4\" data-element_type=\"widget\" data-widget_type=\"spacer.default\">\n\t\t\t\t<div class=\"elementor-widget-container\">\n\t\t\t\t\t\t\t<div class=\"elementor-spacer\">\n\t\t\t<div class=\"elementor-spacer-inner\"><\/div>\n\t\t<\/div>\n\t\t\t\t\t\t<\/div>\n\t\t\t\t<\/div>\n\t\t\t\t<div class=\"elementor-element elementor-element-a93a304 sc_fly_static elementor-widget elementor-widget-heading\" data-id=\"a93a304\" data-element_type=\"widget\" data-widget_type=\"heading.default\">\n\t\t\t\t<div class=\"elementor-widget-container\">\n\t\t\t\t\t<h1 class=\"elementor-heading-title elementor-size-default\">Hospital lighting<\/h1>\t\t\t\t<\/div>\n\t\t\t\t<\/div>\n\t\t\t\t<div class=\"elementor-element elementor-element-8d019c8 sc_fly_static elementor-widget elementor-widget-spacer\" data-id=\"8d019c8\" data-element_type=\"widget\" data-widget_type=\"spacer.default\">\n\t\t\t\t<div class=\"elementor-widget-container\">\n\t\t\t\t\t\t\t<div class=\"elementor-spacer\">\n\t\t\t<div class=\"elementor-spacer-inner\"><\/div>\n\t\t<\/div>\n\t\t\t\t\t\t<\/div>\n\t\t\t\t<\/div>\n\t\t\t\t\t<\/div>\n\t\t\t\t<\/div>\n\t\t\t\t<section class=\"elementor-section elementor-top-section elementor-element elementor-element-f325cb9 elementor-section-boxed elementor-section-height-default elementor-section-height-default sc_fly_static\" data-id=\"f325cb9\" data-element_type=\"section\">\n\t\t\t\t\t\t<div class=\"elementor-container elementor-column-gap-extended\">\n\t\t\t\t\t<div class=\"elementor-column elementor-col-100 elementor-top-column elementor-element elementor-element-ec45d21 sc_content_align_inherit sc_layouts_column_icons_position_left sc_fly_static\" data-id=\"ec45d21\" data-element_type=\"column\">\n\t\t\t<div class=\"elementor-widget-wrap elementor-element-populated\">\n\t\t\t\t\t\t<div class=\"elementor-element elementor-element-c820c64 sc_fly_static elementor-widget elementor-widget-spacer\" data-id=\"c820c64\" data-element_type=\"widget\" data-widget_type=\"spacer.default\">\n\t\t\t\t<div class=\"elementor-widget-container\">\n\t\t\t\t\t\t\t<div class=\"elementor-spacer\">\n\t\t\t<div class=\"elementor-spacer-inner\"><\/div>\n\t\t<\/div>\n\t\t\t\t\t\t<\/div>\n\t\t\t\t<\/div>\n\t\t\t\t<div class=\"elementor-element elementor-element-dbd12a4 sc_fly_static elementor-widget elementor-widget-text-editor\" data-id=\"dbd12a4\" data-element_type=\"widget\" data-widget_type=\"text-editor.default\">\n\t\t\t\t<div class=\"elementor-widget-container\">\n\t\t\t\t\t\t\t\t\t<p>Properly selected lighting is extremely important in medicine, on the one hand, it creates a comfortable working environment for doctors, on the other-it is of great importance for patients, their well-being and recovery. The modern patient is more demanding, looking for a place and care with more precision than before, and expects higher medical standards and a friendly environment.<\/p><p>Light, as well as its color and intensity, affects how we perceive the environment, affects our well-being and readiness for action. Modern technologies make it possible to simulate daylight in hospital rooms where it does not reach. This type of light adapts to a person&#039;s rhythm, increasing their efficiency and boosting their good mood.<\/p>\t\t\t\t\t\t\t\t<\/div>\n\t\t\t\t<\/div>\n\t\t\t\t<div class=\"elementor-element elementor-element-93c264f sc_fly_static elementor-widget elementor-widget-trx_sc_title\" data-id=\"93c264f\" data-element_type=\"widget\" data-widget_type=\"trx_sc_title.default\">\n\t\t\t\t<div class=\"elementor-widget-container\">\n\t\t\t\t\t<div\t\tclass=\"sc_title sc_title_default\" ><h2 class=\"sc_item_title sc_title_title sc_item_title_style_default sc_item_title_tag\"\n\t\t\t><span class=\"sc_item_title_text\">Our company provides comprehensive lighting for hospitals and medical institutions<\/span><\/h2><\/div>\t\t\t\t<\/div>\n\t\t\t\t<\/div>\n\t\t\t\t<div class=\"elementor-element elementor-element-3767844 sc_fly_static elementor-widget elementor-widget-spacer\" data-id=\"3767844\" data-element_type=\"widget\" data-widget_type=\"spacer.default\">\n\t\t\t\t<div class=\"elementor-widget-container\">\n\t\t\t\t\t\t\t<div class=\"elementor-spacer\">\n\t\t\t<div class=\"elementor-spacer-inner\"><\/div>\n\t\t<\/div>\n\t\t\t\t\t\t<\/div>\n\t\t\t\t<\/div>\n\t\t\t\t\t<\/div>\n\t\t<\/div>\n\t\t\t\t\t<\/div>\n\t\t<\/section>\n\t\t<div class=\"elementor-element elementor-element-d16c610 e-flex e-con-boxed sc_layouts_column_icons_position_left e-con e-parent\" data-id=\"d16c610\" data-element_type=\"container\">\n\t\t\t\t\t<div class=\"e-con-inner\">\n\t\t<div class=\"elementor-element elementor-element-3f4e1b0 e-con-full e-flex sc_layouts_column_icons_position_left e-con e-child\" data-id=\"3f4e1b0\" data-element_type=\"container\">\n\t\t\t\t<div class=\"elementor-element elementor-element-65a2472 sc_fly_static elementor-widget elementor-widget-spacer\" data-id=\"65a2472\" data-element_type=\"widget\" data-widget_type=\"spacer.default\">\n\t\t\t\t<div class=\"elementor-widget-container\">\n\t\t\t\t\t\t\t<div class=\"elementor-spacer\">\n\t\t\t<div class=\"elementor-spacer-inner\"><\/div>\n\t\t<\/div>\n\t\t\t\t\t\t<\/div>\n\t\t\t\t<\/div>\n\t\t\t\t<div class=\"elementor-element elementor-element-cdbe443 gallery-spacing-custom sc_fly_static elementor-widget elementor-widget-image-gallery\" data-id=\"cdbe443\" data-element_type=\"widget\" data-widget_type=\"image-gallery.default\">\n\t\t\t\t<div class=\"elementor-widget-container\">\n\t\t\t\t\t\t\t<div class=\"elementor-image-gallery\">\n\t\t\t<div id='gallery-1' class='gallery galleryid-793 gallery-columns-2 gallery-size-trx_addons-thumb-avatar'><figure class='gallery-item'>\n\t\t\t<div class='gallery-icon landscape'>\n\t\t\t\t<img fetchpriority=\"high\" decoding=\"async\" width=\"370\" height=\"208\" src=\"https:\/\/masterlightservice.pl\/wp-content\/uploads\/2025\/02\/moszna1.jpg\" class=\"attachment-trx_addons-thumb-avatar size-trx_addons-thumb-avatar\" alt=\"nowoczesne oprawy LED\" aria-describedby=\"gallery-1-149\" srcset=\"https:\/\/masterlightservice.pl\/wp-content\/uploads\/2025\/02\/moszna1.jpg 1920w, https:\/\/masterlightservice.pl\/wp-content\/uploads\/2025\/02\/moszna1-300x169.jpg 300w, https:\/\/masterlightservice.pl\/wp-content\/uploads\/2025\/02\/moszna1-1024x575.jpg 1024w, https:\/\/masterlightservice.pl\/wp-content\/uploads\/2025\/02\/moszna1-768x432.jpg 768w, https:\/\/masterlightservice.pl\/wp-content\/uploads\/2025\/02\/moszna1-1536x863.jpg 1536w\" sizes=\"(max-width: 600px) 100vw, 370px\" \/>\n\t\t\t<\/div>\n\t\t\t\t<figcaption class='wp-caption-text gallery-caption' id='gallery-1-149'>\n\t\t\t\t nowoczesne oprawy LED\n\t\t\t\t<\/figcaption><\/figure><figure class='gallery-item'>\n\t\t\t<div class='gallery-icon portrait'>\n\t\t\t\t<img decoding=\"async\" width=\"278\" height=\"370\" src=\"https:\/\/masterlightservice.pl\/wp-content\/uploads\/2025\/02\/21246127_1632190173471653_1124280604_o.jpg\" class=\"attachment-trx_addons-thumb-avatar size-trx_addons-thumb-avatar\" alt=\"Ogr\u00f3d z wielobarwnym o\u015bwietleniem drzew \u2013 efekt \u015bwietlny zmieniaj\u0105cy si\u0119 dynamicznie.\" aria-describedby=\"gallery-1-132\" srcset=\"https:\/\/masterlightservice.pl\/wp-content\/uploads\/2025\/02\/21246127_1632190173471653_1124280604_o.jpg 1536w, https:\/\/masterlightservice.pl\/wp-content\/uploads\/2025\/02\/21246127_1632190173471653_1124280604_o-225x300.jpg 225w, https:\/\/masterlightservice.pl\/wp-content\/uploads\/2025\/02\/21246127_1632190173471653_1124280604_o-768x1024.jpg 768w, https:\/\/masterlightservice.pl\/wp-content\/uploads\/2025\/02\/21246127_1632190173471653_1124280604_o-1152x1536.jpg 1152w\" sizes=\"(max-width: 278px) 100vw, 278px\" \/>\n\t\t\t<\/div>\n\t\t\t\t<figcaption class='wp-caption-text gallery-caption' id='gallery-1-132'>\n\t\t\t\tOgr\u00f3d z wielobarwnym o\u015bwietleniem drzew \u2013 efekt \u015bwietlny zmieniaj\u0105cy si\u0119 dynamicznie.\n\t\t\t\t<\/figcaption><\/figure><figure class='gallery-item'>\n\t\t\t<div class='gallery-icon landscape'>\n\t\t\t\t<img decoding=\"async\" width=\"370\" height=\"278\" src=\"https:\/\/masterlightservice.pl\/wp-content\/uploads\/2025\/02\/planetarium.jpg\" class=\"attachment-trx_addons-thumb-avatar size-trx_addons-thumb-avatar\" alt=\"planetarium\u2013 o\u015bwietlenie LED\" aria-describedby=\"gallery-1-142\" srcset=\"https:\/\/masterlightservice.pl\/wp-content\/uploads\/2025\/02\/planetarium.jpg 960w, https:\/\/masterlightservice.pl\/wp-content\/uploads\/2025\/02\/planetarium-300x225.jpg 300w, https:\/\/masterlightservice.pl\/wp-content\/uploads\/2025\/02\/planetarium-768x576.jpg 768w\" sizes=\"(max-width: 600px) 100vw, 370px\" \/>\n\t\t\t<\/div>\n\t\t\t\t<figcaption class='wp-caption-text gallery-caption' id='gallery-1-142'>\n\t\t\t\tplanetarium\u2013 o\u015bwietlenie LED\n\t\t\t\t<\/figcaption><\/figure><figure class='gallery-item'>\n\t\t\t<div class='gallery-icon landscape'>\n\t\t\t\t<img loading=\"lazy\" decoding=\"async\" width=\"370\" height=\"247\" src=\"https:\/\/masterlightservice.pl\/wp-content\/uploads\/2025\/02\/Warsaw-Spire-day-I-gabrielgmurczyk.com-175.jpg\" class=\"attachment-trx_addons-thumb-avatar size-trx_addons-thumb-avatar\" alt=\"Warsaw Spire \u2013 o\u015bwietlenie LED klasy premium w presti\u017cowej inwestycji biurowej w Warszawie.\" aria-describedby=\"gallery-1-105\" srcset=\"https:\/\/masterlightservice.pl\/wp-content\/uploads\/2025\/02\/Warsaw-Spire-day-I-gabrielgmurczyk.com-175.jpg 2016w, https:\/\/masterlightservice.pl\/wp-content\/uploads\/2025\/02\/Warsaw-Spire-day-I-gabrielgmurczyk.com-175-300x200.jpg 300w, https:\/\/masterlightservice.pl\/wp-content\/uploads\/2025\/02\/Warsaw-Spire-day-I-gabrielgmurczyk.com-175-1024x684.jpg 1024w, https:\/\/masterlightservice.pl\/wp-content\/uploads\/2025\/02\/Warsaw-Spire-day-I-gabrielgmurczyk.com-175-768x513.jpg 768w, https:\/\/masterlightservice.pl\/wp-content\/uploads\/2025\/02\/Warsaw-Spire-day-I-gabrielgmurczyk.com-175-1536x1026.jpg 1536w\" sizes=\"(max-width: 600px) 100vw, 370px\" \/>\n\t\t\t<\/div>\n\t\t\t\t<figcaption class='wp-caption-text gallery-caption' id='gallery-1-105'>\n\t\t\t\tWarsaw Spire \u2013 o\u015bwietlenie LED klasy premium w presti\u017cowej inwestycji biurowej w Warszawie.\n\t\t\t\t<\/figcaption><\/figure><figure class='gallery-item'>\n\t\t\t<div class='gallery-icon landscape'>\n\t\t\t\t<img loading=\"lazy\" decoding=\"async\" width=\"370\" height=\"247\" src=\"https:\/\/masterlightservice.pl\/wp-content\/uploads\/2025\/02\/DSC_0498.jpg\" class=\"attachment-trx_addons-thumb-avatar size-trx_addons-thumb-avatar\" alt=\"Warsaw Spire \u2013 nowoczesny system o\u015bwietlenia biurowego LED o wysokiej efektywno\u015bci energetycznej.\" aria-describedby=\"gallery-1-108\" srcset=\"https:\/\/masterlightservice.pl\/wp-content\/uploads\/2025\/02\/DSC_0498.jpg 2000w, https:\/\/masterlightservice.pl\/wp-content\/uploads\/2025\/02\/DSC_0498-300x200.jpg 300w, https:\/\/masterlightservice.pl\/wp-content\/uploads\/2025\/02\/DSC_0498-1024x684.jpg 1024w, https:\/\/masterlightservice.pl\/wp-content\/uploads\/2025\/02\/DSC_0498-768x513.jpg 768w, https:\/\/masterlightservice.pl\/wp-content\/uploads\/2025\/02\/DSC_0498-1536x1025.jpg 1536w\" sizes=\"(max-width: 600px) 100vw, 370px\" \/>\n\t\t\t<\/div>\n\t\t\t\t<figcaption class='wp-caption-text gallery-caption' id='gallery-1-108'>\n\t\t\t\tWarsaw Spire \u2013 nowoczesny system o\u015bwietlenia biurowego LED o wysokiej efektywno\u015bci energetycznej.\n\t\t\t\t<\/figcaption><\/figure><figure class='gallery-item'>\n\t\t\t<div class='gallery-icon landscape'>\n\t\t\t\t<img loading=\"lazy\" decoding=\"async\" width=\"370\" height=\"247\" src=\"https:\/\/masterlightservice.pl\/wp-content\/uploads\/2025\/02\/swieradow1.jpg\" class=\"attachment-trx_addons-thumb-avatar size-trx_addons-thumb-avatar\" alt=\"\u015awi\u0105teczne o\u015bwietlenie dekoracyjne \u2013 lampki LED zdobi\u0105ce ulice i place miasta.\" aria-describedby=\"gallery-1-138\" srcset=\"https:\/\/masterlightservice.pl\/wp-content\/uploads\/2025\/02\/swieradow1.jpg 1920w, https:\/\/masterlightservice.pl\/wp-content\/uploads\/2025\/02\/swieradow1-300x200.jpg 300w, https:\/\/masterlightservice.pl\/wp-content\/uploads\/2025\/02\/swieradow1-1024x683.jpg 1024w, https:\/\/masterlightservice.pl\/wp-content\/uploads\/2025\/02\/swieradow1-768x512.jpg 768w, https:\/\/masterlightservice.pl\/wp-content\/uploads\/2025\/02\/swieradow1-1536x1025.jpg 1536w\" sizes=\"(max-width: 600px) 100vw, 370px\" \/>\n\t\t\t<\/div>\n\t\t\t\t<figcaption class='wp-caption-text gallery-caption' id='gallery-1-138'>\n\t\t\t\t\u015awi\u0105teczne o\u015bwietlenie dekoracyjne \u2013 lampki LED zdobi\u0105ce ulice i place miasta.\n\t\t\t\t<\/figcaption><\/figure>\n\t\t<\/div>\n\t\t<\/div>\n\t\t\t\t\t\t<\/div>\n\t\t\t\t<\/div>\n\t\t\t\t<div class=\"elementor-element elementor-element-e5ff4a8 sc_fly_static elementor-widget elementor-widget-spacer\" data-id=\"e5ff4a8\" data-element_type=\"widget\" data-widget_type=\"spacer.default\">\n\t\t\t\t<div class=\"elementor-widget-container\">\n\t\t\t\t\t\t\t<div class=\"elementor-spacer\">\n\t\t\t<div class=\"elementor-spacer-inner\"><\/div>\n\t\t<\/div>\n\t\t\t\t\t\t<\/div>\n\t\t\t\t<\/div>\n\t\t\t\t<\/div>\n\t\t<div class=\"elementor-element elementor-element-e060578 e-con-full e-flex sc_layouts_column_icons_position_left e-con e-child\" data-id=\"e060578\" data-element_type=\"container\">\n\t\t\t\t<div class=\"elementor-element elementor-element-7c41ca0 sc_fly_static elementor-widget elementor-widget-spacer\" data-id=\"7c41ca0\" data-element_type=\"widget\" data-widget_type=\"spacer.default\">\n\t\t\t\t<div class=\"elementor-widget-container\">\n\t\t\t\t\t\t\t<div class=\"elementor-spacer\">\n\t\t\t<div class=\"elementor-spacer-inner\"><\/div>\n\t\t<\/div>\n\t\t\t\t\t\t<\/div>\n\t\t\t\t<\/div>\n\t\t\t\t<div data-animation-type=\"block\" class=\"elementor-element elementor-element-fc14a3f elementor-view-default elementor-position-top elementor-mobile-position-top animation_type_block sc_fly_static elementor-invisible elementor-widget elementor-widget-icon-box\" data-id=\"fc14a3f\" data-element_type=\"widget\" data-settings=\"{&quot;_animation&quot;:&quot;eventicity-fadeinup&quot;}\" data-widget_type=\"icon-box.default\">\n\t\t\t\t<div class=\"elementor-widget-container\">\n\t\t\t\t\t\t\t<div class=\"elementor-icon-box-wrapper\">\n\n\t\t\t\t\t\t<div class=\"elementor-icon-box-icon\">\n\t\t\t\t<span  class=\"elementor-icon\">\n\t\t\t\t\t\t\t\t<\/span>\n\t\t\t<\/div>\n\t\t\t\n\t\t\t\t\t\t<div class=\"elementor-icon-box-content\">\n\n\t\t\t\t\t\t\t\t\t<h3 class=\"elementor-icon-box-title\">\n\t\t\t\t\t\t<span  >\n\t\t\t\t\t\t\tHospital lighting project\t\t\t\t\t\t<\/span>\n\t\t\t\t\t<\/h3>\n\t\t\t\t\n\t\t\t\t\t\t\t\t\t<p class=\"elementor-icon-box-description\">\n\t\t\t\t\t\tProjektujemy innowacyjne rozwi\u0105zania o\u015bwietleniowe w szpitalach zar\u00f3wno w zakresie elektro-oszcz\u0119dno\u015bci jak i specjalnych efekt\u00f3w wizualnych opracowanych  na miar\u0119 potrzeb i wymaga\u0144 naszych Klient\u00f3w.<br><br>\n\n\nW swoich projektach, pr\u00f3cz najwy\u017cszej jako\u015bci produkt\u00f3w, stawiamy na najwy\u017csz\u0105 jako\u015b\u0107 wykonywanych prac pod wzgl\u0119dem technicznym i insalacyjnym.\t\t\t\t\t<\/p>\n\t\t\t\t\n\t\t\t<\/div>\n\t\t\t\n\t\t<\/div>\n\t\t\t\t\t\t<\/div>\n\t\t\t\t<\/div>\n\t\t\t\t<div data-animation-type=\"block\" class=\"elementor-element elementor-element-2e3575b elementor-view-default elementor-position-top elementor-mobile-position-top animation_type_block sc_fly_static elementor-invisible elementor-widget elementor-widget-icon-box\" data-id=\"2e3575b\" data-element_type=\"widget\" data-settings=\"{&quot;_animation&quot;:&quot;eventicity-fadeinup&quot;}\" data-widget_type=\"icon-box.default\">\n\t\t\t\t<div class=\"elementor-widget-container\">\n\t\t\t\t\t\t\t<div class=\"elementor-icon-box-wrapper\">\n\n\t\t\t\t\t\t<div class=\"elementor-icon-box-icon\">\n\t\t\t\t<span  class=\"elementor-icon\">\n\t\t\t\t\t\t\t\t<\/span>\n\t\t\t<\/div>\n\t\t\t\n\t\t\t\t\t\t<div class=\"elementor-icon-box-content\">\n\n\t\t\t\t\t\t\t\t\t<h3 class=\"elementor-icon-box-title\">\n\t\t\t\t\t\t<span  >\n\t\t\t\t\t\t\tHospital lighting sales\t\t\t\t\t\t<\/span>\n\t\t\t\t\t<\/h3>\n\t\t\t\t\n\t\t\t\t\t\t\t\t\t<p class=\"elementor-icon-box-description\">\n\t\t\t\t\t\tMaster Light Service zajmuje si\u0119 sprzeda\u017c\u0105 nowoczesnych  rozwi\u0105za\u0144 o\u015bwietleniowych. Dzi\u0119ki wieloletniemu do\u015bwiadczeniu w bran\u017cy, mo\u017cemy z rado\u015bci\u0105 zaproponowa\u0107 Pa\u0144stwu zaprojektowanie i zrealizowanie atrakcyjnego systemu o\u015bwietlenia szpitali.\t\t\t\t\t<\/p>\n\t\t\t\t\n\t\t\t<\/div>\n\t\t\t\n\t\t<\/div>\n\t\t\t\t\t\t<\/div>\n\t\t\t\t<\/div>\n\t\t\t\t<div data-animation-type=\"block\" class=\"elementor-element elementor-element-6be1cab elementor-view-default elementor-position-top elementor-mobile-position-top animation_type_block sc_fly_static elementor-invisible elementor-widget elementor-widget-icon-box\" data-id=\"6be1cab\" data-element_type=\"widget\" data-settings=\"{&quot;_animation&quot;:&quot;eventicity-fadeinup&quot;}\" data-widget_type=\"icon-box.default\">\n\t\t\t\t<div class=\"elementor-widget-container\">\n\t\t\t\t\t\t\t<div class=\"elementor-icon-box-wrapper\">\n\n\t\t\t\t\t\t<div class=\"elementor-icon-box-icon\">\n\t\t\t\t<span  class=\"elementor-icon\">\n\t\t\t\t\t\t\t\t<\/span>\n\t\t\t<\/div>\n\t\t\t\n\t\t\t\t\t\t<div class=\"elementor-icon-box-content\">\n\n\t\t\t\t\t\t\t\t\t<h3 class=\"elementor-icon-box-title\">\n\t\t\t\t\t\t<span  >\n\t\t\t\t\t\t\tInstallation of lighting in hospitals\t\t\t\t\t\t<\/span>\n\t\t\t\t\t<\/h3>\n\t\t\t\t\n\t\t\t\t\t\t\t\t\t<p class=\"elementor-icon-box-description\">\n\t\t\t\t\t\tTechnologia LED niesie ze sob\u0105 wiele zalet ale r\u00f3wnie\u017c specyficznych wymaga\u0144. Dlatego nasza firma dysponuje wykfalifikowanym zesp\u00f3\u0142em, kt\u00f3ry wykona monta\u017c o\u015bwietlenia LED w szpitalach.\t\t\t\t\t<\/p>\n\t\t\t\t\n\t\t\t<\/div>\n\t\t\t\n\t\t<\/div>\n\t\t\t\t\t\t<\/div>\n\t\t\t\t<\/div>\n\t\t\t\t<div data-animation-type=\"block\" class=\"elementor-element elementor-element-44fe070 elementor-view-default elementor-position-top elementor-mobile-position-top animation_type_block sc_fly_static elementor-invisible elementor-widget elementor-widget-icon-box\" data-id=\"44fe070\" data-element_type=\"widget\" data-settings=\"{&quot;_animation&quot;:&quot;eventicity-fadeinup&quot;}\" data-widget_type=\"icon-box.default\">\n\t\t\t\t<div class=\"elementor-widget-container\">\n\t\t\t\t\t\t\t<div class=\"elementor-icon-box-wrapper\">\n\n\t\t\t\t\t\t<div class=\"elementor-icon-box-icon\">\n\t\t\t\t<span  class=\"elementor-icon\">\n\t\t\t\t\t\t\t\t<\/span>\n\t\t\t<\/div>\n\t\t\t\n\t\t\t\t\t\t<div class=\"elementor-icon-box-content\">\n\n\t\t\t\t\t\t\t\t\t<h3 class=\"elementor-icon-box-title\">\n\t\t\t\t\t\t<span  >\n\t\t\t\t\t\t\t Hospital Lighting Service\t\t\t\t\t\t<\/span>\n\t\t\t\t\t<\/h3>\n\t\t\t\t\n\t\t\t\t\t\t\t\t\t<p class=\"elementor-icon-box-description\">\n\t\t\t\t\t\tOdpowiednie zaplecze techniczne oraz wieloletnie do\u015bwiadczenie w bran\u017cy o\u015bwietleniowej pozwala nam zapewni\u0107 klientomserwis o\u015bwietlenia LED w szpitalu.<br><br>\n\nWe restore the functionality of lighting electronics or replace faulty power systems and LED modules with new ones\t\t\t\t\t<\/p>\n\t\t\t\t\n\t\t\t<\/div>\n\t\t\t\n\t\t<\/div>\n\t\t\t\t\t\t<\/div>\n\t\t\t\t<\/div>\n\t\t\t\t<div class=\"elementor-element elementor-element-694f04f sc_fly_static elementor-widget elementor-widget-spacer\" data-id=\"694f04f\" data-element_type=\"widget\" data-widget_type=\"spacer.default\">\n\t\t\t\t<div class=\"elementor-widget-container\">\n\t\t\t\t\t\t\t<div class=\"elementor-spacer\">\n\t\t\t<div class=\"elementor-spacer-inner\"><\/div>\n\t\t<\/div>\n\t\t\t\t\t\t<\/div>\n\t\t\t\t<\/div>\n\t\t\t\t<\/div>\n\t\t\t\t\t<\/div>\n\t\t\t\t<\/div>\n\t\t\t\t<\/div>","protected":false},"excerpt":{"rendered":"<p>O\u015bwietlenie szpitali Dobrze dobrane o\u015bwietlenie jest niezwykle wa\u017cne w\u00a0medycynie, z\u00a0jednej strony tworzy komfortowe warunki pracy&hellip;<\/p>","protected":false},"author":1,"featured_media":0,"parent":0,"menu_order":0,"comment_status":"closed","ping_status":"closed","template":"elementor_header_footer","meta":{"_eb_attr":"","om_disable_all_campaigns":false,"_monsterinsights_skip_tracking":false,"_monsterinsights_sitenote_active":false,"_monsterinsights_sitenote_note":"","_monsterinsights_sitenote_category":0,"footnotes":""},"class_list":["post-793","page","type-page","status-publish","hentry"],"aioseo_notices":[],"_links":{"self":[{"href":"https:\/\/masterlightservice.pl\/en\/wp-json\/wp\/v2\/pages\/793","targetHints":{"allow":["GET"]}}],"collection":[{"href":"https:\/\/masterlightservice.pl\/en\/wp-json\/wp\/v2\/pages"}],"about":[{"href":"https:\/\/masterlightservice.pl\/en\/wp-json\/wp\/v2\/types\/page"}],"author":[{"embeddable":true,"href":"https:\/\/masterlightservice.pl\/en\/wp-json\/wp\/v2\/users\/1"}],"replies":[{"embeddable":true,"href":"https:\/\/masterlightservice.pl\/en\/wp-json\/wp\/v2\/comments?post=793"}],"version-history":[{"count":0,"href":"https:\/\/masterlightservice.pl\/en\/wp-json\/wp\/v2\/pages\/793\/revisions"}],"wp:attachment":[{"href":"https:\/\/masterlightservice.pl\/en\/wp-json\/wp\/v2\/media?parent=793"}],"curies":[{"name":"wp","href":"https:\/\/api.w.org\/{rel}","templated":true}]}}