{"id":737,"date":"2025-03-19T17:06:07","date_gmt":"2025-03-19T16:06:07","guid":{"rendered":"http:\/\/projekt.masterlightservice.pl\/?page_id=737"},"modified":"2025-05-04T12:33:47","modified_gmt":"2025-05-04T10:33:47","slug":"oswietlenie-centrow-handlowych","status":"publish","type":"page","link":"https:\/\/masterlightservice.pl\/en\/oswietlenie-centrow-handlowych\/","title":{"rendered":"Shopping center lighting"},"content":{"rendered":"<div data-elementor-type=\"wp-page\" data-elementor-id=\"737\" class=\"elementor elementor-737\">\n\t\t\t\t<div class=\"elementor-element elementor-element-30b0e04 e-flex e-con-boxed sc_layouts_column_icons_position_left e-con e-parent\" data-id=\"30b0e04\" data-element_type=\"container\" data-settings=\"{&quot;background_background&quot;:&quot;classic&quot;}\">\n\t\t\t\t\t<div class=\"e-con-inner\">\n\t\t\t\t<div class=\"elementor-element elementor-element-af2c691 sc_fly_static elementor-widget elementor-widget-spacer\" data-id=\"af2c691\" data-element_type=\"widget\" data-widget_type=\"spacer.default\">\n\t\t\t\t<div class=\"elementor-widget-container\">\n\t\t\t\t\t\t\t<div class=\"elementor-spacer\">\n\t\t\t<div class=\"elementor-spacer-inner\"><\/div>\n\t\t<\/div>\n\t\t\t\t\t\t<\/div>\n\t\t\t\t<\/div>\n\t\t\t\t<div class=\"elementor-element elementor-element-ff4210c sc_fly_static elementor-widget elementor-widget-heading\" data-id=\"ff4210c\" data-element_type=\"widget\" data-widget_type=\"heading.default\">\n\t\t\t\t<div class=\"elementor-widget-container\">\n\t\t\t\t\t<h1 class=\"elementor-heading-title elementor-size-default\">Shopping center lighting<\/h1>\t\t\t\t<\/div>\n\t\t\t\t<\/div>\n\t\t\t\t<div class=\"elementor-element elementor-element-f765ef4 sc_fly_static elementor-widget elementor-widget-spacer\" data-id=\"f765ef4\" data-element_type=\"widget\" data-widget_type=\"spacer.default\">\n\t\t\t\t<div class=\"elementor-widget-container\">\n\t\t\t\t\t\t\t<div class=\"elementor-spacer\">\n\t\t\t<div class=\"elementor-spacer-inner\"><\/div>\n\t\t<\/div>\n\t\t\t\t\t\t<\/div>\n\t\t\t\t<\/div>\n\t\t\t\t\t<\/div>\n\t\t\t\t<\/div>\n\t\t\t\t<section class=\"elementor-section elementor-top-section elementor-element elementor-element-2caedac elementor-section-boxed elementor-section-height-default elementor-section-height-default sc_fly_static\" data-id=\"2caedac\" data-element_type=\"section\">\n\t\t\t\t\t\t<div class=\"elementor-container elementor-column-gap-extended\">\n\t\t\t\t\t<div class=\"elementor-column elementor-col-100 elementor-top-column elementor-element elementor-element-1e376ac sc_content_align_inherit sc_layouts_column_icons_position_left sc_fly_static\" data-id=\"1e376ac\" data-element_type=\"column\">\n\t\t\t<div class=\"elementor-widget-wrap elementor-element-populated\">\n\t\t\t\t\t\t<section class=\"elementor-section elementor-inner-section elementor-element elementor-element-86c846d elementor-section-boxed elementor-section-height-default elementor-section-height-default sc_fly_static\" data-id=\"86c846d\" data-element_type=\"section\">\n\t\t\t\t\t\t<div class=\"elementor-container elementor-column-gap-no\">\n\t\t\t\t\t<div class=\"elementor-column elementor-col-100 elementor-inner-column elementor-element elementor-element-ad9107d sc_content_align_inherit sc_layouts_column_icons_position_left sc_fly_static\" data-id=\"ad9107d\" data-element_type=\"column\">\n\t\t\t<div class=\"elementor-widget-wrap elementor-element-populated\">\n\t\t\t\t\t\t<div class=\"elementor-element elementor-element-585f208 sc_fly_static elementor-widget elementor-widget-spacer\" data-id=\"585f208\" data-element_type=\"widget\" data-widget_type=\"spacer.default\">\n\t\t\t\t<div class=\"elementor-widget-container\">\n\t\t\t\t\t\t\t<div class=\"elementor-spacer\">\n\t\t\t<div class=\"elementor-spacer-inner\"><\/div>\n\t\t<\/div>\n\t\t\t\t\t\t<\/div>\n\t\t\t\t<\/div>\n\t\t\t\t<div class=\"elementor-element elementor-element-9a43863 sc_fly_static elementor-widget elementor-widget-text-editor\" data-id=\"9a43863\" data-element_type=\"widget\" data-widget_type=\"text-editor.default\">\n\t\t\t\t<div class=\"elementor-widget-container\">\n\t\t\t\t\t\t\t\t\t<p>Wiemy jak istotna i\u00a0z\u0142o\u017con\u0105 rol\u0119 odgrywa o\u015bwietlenie w\u00a0stymulacji zakupowej klient\u00f3w w\u00a0centrum handlowym, sklepach detalicznych. Oferta handlowo us\u0142ugowa musi by\u0107 nie tylko przejrzysta i\u00a0efektywnie zaprojektowana, lecz tak\u017ce odpowiednio zaprezentowana, a\u00a0na\u00a0finalny sukces skladaja si\u0119 r\u00f3\u017cne rodzaje o\u015bwietlenia: od \u015bwiat\u0142a og\u00f3lnego, przez akcentuj\u0105ce, a\u017c po dekoracyjne.Bazuj\u0105c na\u00a0naszym do\u015bwiadczeniu staramy si\u0119 naszym Klientom przekaza\u0107 jak wa\u017cne jest\u00a0<strong>zast\u0105pienie konwencjonalnego o\u015bwietlenia centrum handlowego, nowoczesnymi Led-owymi<\/strong>\u00a0oprawami oraz poszerzaniu ich wiedzy jak wa\u017cne jest nat\u0119\u017cenie, barwa i\u00a0odpowiednie rozstawienie opraw mia\u0142 wp\u0142yw na\u00a0ekspozycj\u0119.<\/p>\t\t\t\t\t\t\t\t<\/div>\n\t\t\t\t<\/div>\n\t\t\t\t<div class=\"elementor-element elementor-element-ffdae3e sc_fly_static elementor-widget elementor-widget-spacer\" data-id=\"ffdae3e\" data-element_type=\"widget\" data-widget_type=\"spacer.default\">\n\t\t\t\t<div class=\"elementor-widget-container\">\n\t\t\t\t\t\t\t<div class=\"elementor-spacer\">\n\t\t\t<div class=\"elementor-spacer-inner\"><\/div>\n\t\t<\/div>\n\t\t\t\t\t\t<\/div>\n\t\t\t\t<\/div>\n\t\t\t\t<div class=\"elementor-element elementor-element-2e1b160 sc_fly_static elementor-widget elementor-widget-trx_sc_title\" data-id=\"2e1b160\" data-element_type=\"widget\" data-widget_type=\"trx_sc_title.default\">\n\t\t\t\t<div class=\"elementor-widget-container\">\n\t\t\t\t\t<div\t\tclass=\"sc_title sc_title_default\" ><h2 class=\"sc_item_title sc_title_title sc_item_title_style_default sc_item_title_tag\"\n\t\t\t><span class=\"sc_item_title_text\">Nasza firma zapewnia kompleksowe o\u015bwietlenie centr\u00f3w handlowych.<\/span><\/h2><\/div>\t\t\t\t<\/div>\n\t\t\t\t<\/div>\n\t\t\t\t<div class=\"elementor-element elementor-element-7370eb5 sc_fly_static elementor-widget elementor-widget-spacer\" data-id=\"7370eb5\" data-element_type=\"widget\" data-widget_type=\"spacer.default\">\n\t\t\t\t<div class=\"elementor-widget-container\">\n\t\t\t\t\t\t\t<div class=\"elementor-spacer\">\n\t\t\t<div class=\"elementor-spacer-inner\"><\/div>\n\t\t<\/div>\n\t\t\t\t\t\t<\/div>\n\t\t\t\t<\/div>\n\t\t\t\t\t<\/div>\n\t\t<\/div>\n\t\t\t\t\t<\/div>\n\t\t<\/section>\n\t\t\t\t\t<\/div>\n\t\t<\/div>\n\t\t\t\t\t<\/div>\n\t\t<\/section>\n\t\t<div class=\"elementor-element elementor-element-bf414bb e-flex e-con-boxed sc_layouts_column_icons_position_left e-con e-parent\" data-id=\"bf414bb\" data-element_type=\"container\">\n\t\t\t\t\t<div class=\"e-con-inner\">\n\t\t<div class=\"elementor-element elementor-element-03a4c07 e-con-full e-flex sc_layouts_column_icons_position_left e-con e-child\" data-id=\"03a4c07\" data-element_type=\"container\">\n\t\t\t\t<div class=\"elementor-element elementor-element-4e8140d sc_fly_static elementor-widget elementor-widget-spacer\" data-id=\"4e8140d\" data-element_type=\"widget\" data-widget_type=\"spacer.default\">\n\t\t\t\t<div class=\"elementor-widget-container\">\n\t\t\t\t\t\t\t<div class=\"elementor-spacer\">\n\t\t\t<div class=\"elementor-spacer-inner\"><\/div>\n\t\t<\/div>\n\t\t\t\t\t\t<\/div>\n\t\t\t\t<\/div>\n\t\t\t\t<div class=\"elementor-element elementor-element-e380bcb gallery-spacing-custom sc_fly_static elementor-widget elementor-widget-image-gallery\" data-id=\"e380bcb\" data-element_type=\"widget\" data-widget_type=\"image-gallery.default\">\n\t\t\t\t<div class=\"elementor-widget-container\">\n\t\t\t\t\t\t\t<div class=\"elementor-image-gallery\">\n\t\t\t<div id='gallery-1' class='gallery galleryid-737 gallery-columns-2 gallery-size-trx_addons-thumb-portrait'><figure class='gallery-item'>\n\t\t\t<div class='gallery-icon landscape'>\n\t\t\t\t<img fetchpriority=\"high\" decoding=\"async\" width=\"370\" height=\"247\" src=\"https:\/\/masterlightservice.pl\/wp-content\/uploads\/2025\/02\/Warsaw-Spire-day-I-gabrielgmurczyk.com-175.jpg\" class=\"attachment-trx_addons-thumb-portrait size-trx_addons-thumb-portrait\" alt=\"Warsaw Spire \u2013 o\u015bwietlenie LED klasy premium w presti\u017cowej inwestycji biurowej w Warszawie.\" aria-describedby=\"gallery-1-105\" srcset=\"https:\/\/masterlightservice.pl\/wp-content\/uploads\/2025\/02\/Warsaw-Spire-day-I-gabrielgmurczyk.com-175.jpg 2016w, https:\/\/masterlightservice.pl\/wp-content\/uploads\/2025\/02\/Warsaw-Spire-day-I-gabrielgmurczyk.com-175-300x200.jpg 300w, https:\/\/masterlightservice.pl\/wp-content\/uploads\/2025\/02\/Warsaw-Spire-day-I-gabrielgmurczyk.com-175-1024x684.jpg 1024w, https:\/\/masterlightservice.pl\/wp-content\/uploads\/2025\/02\/Warsaw-Spire-day-I-gabrielgmurczyk.com-175-768x513.jpg 768w, https:\/\/masterlightservice.pl\/wp-content\/uploads\/2025\/02\/Warsaw-Spire-day-I-gabrielgmurczyk.com-175-1536x1026.jpg 1536w\" sizes=\"(max-width: 600px) 100vw, 370px\" \/>\n\t\t\t<\/div>\n\t\t\t\t<figcaption class='wp-caption-text gallery-caption' id='gallery-1-105'>\n\t\t\t\tWarsaw Spire \u2013 o\u015bwietlenie LED klasy premium w presti\u017cowej inwestycji biurowej w Warszawie.\n\t\t\t\t<\/figcaption><\/figure><figure class='gallery-item'>\n\t\t\t<div class='gallery-icon landscape'>\n\t\t\t\t<img decoding=\"async\" width=\"370\" height=\"208\" src=\"https:\/\/masterlightservice.pl\/wp-content\/uploads\/2025\/02\/moszna1.jpg\" class=\"attachment-trx_addons-thumb-portrait size-trx_addons-thumb-portrait\" alt=\"nowoczesne oprawy LED\" aria-describedby=\"gallery-1-149\" srcset=\"https:\/\/masterlightservice.pl\/wp-content\/uploads\/2025\/02\/moszna1.jpg 1920w, https:\/\/masterlightservice.pl\/wp-content\/uploads\/2025\/02\/moszna1-300x169.jpg 300w, https:\/\/masterlightservice.pl\/wp-content\/uploads\/2025\/02\/moszna1-1024x575.jpg 1024w, https:\/\/masterlightservice.pl\/wp-content\/uploads\/2025\/02\/moszna1-768x432.jpg 768w, https:\/\/masterlightservice.pl\/wp-content\/uploads\/2025\/02\/moszna1-1536x863.jpg 1536w\" sizes=\"(max-width: 600px) 100vw, 370px\" \/>\n\t\t\t<\/div>\n\t\t\t\t<figcaption class='wp-caption-text gallery-caption' id='gallery-1-149'>\n\t\t\t\t nowoczesne oprawy LED\n\t\t\t\t<\/figcaption><\/figure><figure class='gallery-item'>\n\t\t\t<div class='gallery-icon landscape'>\n\t\t\t\t<img decoding=\"async\" width=\"370\" height=\"247\" src=\"https:\/\/masterlightservice.pl\/wp-content\/uploads\/2025\/02\/DSC_0498.jpg\" class=\"attachment-trx_addons-thumb-portrait size-trx_addons-thumb-portrait\" alt=\"Warsaw Spire \u2013 nowoczesny system o\u015bwietlenia biurowego LED o wysokiej efektywno\u015bci energetycznej.\" aria-describedby=\"gallery-1-108\" srcset=\"https:\/\/masterlightservice.pl\/wp-content\/uploads\/2025\/02\/DSC_0498.jpg 2000w, https:\/\/masterlightservice.pl\/wp-content\/uploads\/2025\/02\/DSC_0498-300x200.jpg 300w, https:\/\/masterlightservice.pl\/wp-content\/uploads\/2025\/02\/DSC_0498-1024x684.jpg 1024w, https:\/\/masterlightservice.pl\/wp-content\/uploads\/2025\/02\/DSC_0498-768x513.jpg 768w, https:\/\/masterlightservice.pl\/wp-content\/uploads\/2025\/02\/DSC_0498-1536x1025.jpg 1536w\" sizes=\"(max-width: 600px) 100vw, 370px\" \/>\n\t\t\t<\/div>\n\t\t\t\t<figcaption class='wp-caption-text gallery-caption' id='gallery-1-108'>\n\t\t\t\tWarsaw Spire \u2013 nowoczesny system o\u015bwietlenia biurowego LED o wysokiej efektywno\u015bci energetycznej.\n\t\t\t\t<\/figcaption><\/figure><figure class='gallery-item'>\n\t\t\t<div class='gallery-icon landscape'>\n\t\t\t\t<img loading=\"lazy\" decoding=\"async\" width=\"370\" height=\"247\" src=\"https:\/\/masterlightservice.pl\/wp-content\/uploads\/2025\/02\/swieradow1.jpg\" class=\"attachment-trx_addons-thumb-portrait size-trx_addons-thumb-portrait\" alt=\"\u015awi\u0105teczne o\u015bwietlenie dekoracyjne \u2013 lampki LED zdobi\u0105ce ulice i place miasta.\" aria-describedby=\"gallery-1-138\" srcset=\"https:\/\/masterlightservice.pl\/wp-content\/uploads\/2025\/02\/swieradow1.jpg 1920w, https:\/\/masterlightservice.pl\/wp-content\/uploads\/2025\/02\/swieradow1-300x200.jpg 300w, https:\/\/masterlightservice.pl\/wp-content\/uploads\/2025\/02\/swieradow1-1024x683.jpg 1024w, https:\/\/masterlightservice.pl\/wp-content\/uploads\/2025\/02\/swieradow1-768x512.jpg 768w, https:\/\/masterlightservice.pl\/wp-content\/uploads\/2025\/02\/swieradow1-1536x1025.jpg 1536w\" sizes=\"(max-width: 600px) 100vw, 370px\" \/>\n\t\t\t<\/div>\n\t\t\t\t<figcaption class='wp-caption-text gallery-caption' id='gallery-1-138'>\n\t\t\t\t\u015awi\u0105teczne o\u015bwietlenie dekoracyjne \u2013 lampki LED zdobi\u0105ce ulice i place miasta.\n\t\t\t\t<\/figcaption><\/figure><figure class='gallery-item'>\n\t\t\t<div class='gallery-icon landscape'>\n\t\t\t\t<img loading=\"lazy\" decoding=\"async\" width=\"370\" height=\"278\" src=\"https:\/\/masterlightservice.pl\/wp-content\/uploads\/2025\/02\/planetarium.jpg\" class=\"attachment-trx_addons-thumb-portrait size-trx_addons-thumb-portrait\" alt=\"planetarium\u2013 o\u015bwietlenie LED\" aria-describedby=\"gallery-1-142\" srcset=\"https:\/\/masterlightservice.pl\/wp-content\/uploads\/2025\/02\/planetarium.jpg 960w, https:\/\/masterlightservice.pl\/wp-content\/uploads\/2025\/02\/planetarium-300x225.jpg 300w, https:\/\/masterlightservice.pl\/wp-content\/uploads\/2025\/02\/planetarium-768x576.jpg 768w\" sizes=\"(max-width: 600px) 100vw, 370px\" \/>\n\t\t\t<\/div>\n\t\t\t\t<figcaption class='wp-caption-text gallery-caption' id='gallery-1-142'>\n\t\t\t\tplanetarium\u2013 o\u015bwietlenie LED\n\t\t\t\t<\/figcaption><\/figure><figure class='gallery-item'>\n\t\t\t<div class='gallery-icon portrait'>\n\t\t\t\t<img loading=\"lazy\" decoding=\"async\" width=\"370\" height=\"493\" src=\"https:\/\/masterlightservice.pl\/wp-content\/uploads\/2025\/02\/21246127_1632190173471653_1124280604_o.jpg\" class=\"attachment-trx_addons-thumb-portrait size-trx_addons-thumb-portrait\" alt=\"Ogr\u00f3d z wielobarwnym o\u015bwietleniem drzew \u2013 efekt \u015bwietlny zmieniaj\u0105cy si\u0119 dynamicznie.\" aria-describedby=\"gallery-1-132\" srcset=\"https:\/\/masterlightservice.pl\/wp-content\/uploads\/2025\/02\/21246127_1632190173471653_1124280604_o.jpg 1536w, https:\/\/masterlightservice.pl\/wp-content\/uploads\/2025\/02\/21246127_1632190173471653_1124280604_o-225x300.jpg 225w, https:\/\/masterlightservice.pl\/wp-content\/uploads\/2025\/02\/21246127_1632190173471653_1124280604_o-768x1024.jpg 768w, https:\/\/masterlightservice.pl\/wp-content\/uploads\/2025\/02\/21246127_1632190173471653_1124280604_o-1152x1536.jpg 1152w\" sizes=\"(max-width: 600px) 100vw, 370px\" \/>\n\t\t\t<\/div>\n\t\t\t\t<figcaption class='wp-caption-text gallery-caption' id='gallery-1-132'>\n\t\t\t\tOgr\u00f3d z wielobarwnym o\u015bwietleniem drzew \u2013 efekt \u015bwietlny zmieniaj\u0105cy si\u0119 dynamicznie.\n\t\t\t\t<\/figcaption><\/figure>\n\t\t<\/div>\n\t\t<\/div>\n\t\t\t\t\t\t<\/div>\n\t\t\t\t<\/div>\n\t\t\t\t<div class=\"elementor-element elementor-element-f67fdd1 sc_fly_static elementor-widget elementor-widget-spacer\" data-id=\"f67fdd1\" data-element_type=\"widget\" data-widget_type=\"spacer.default\">\n\t\t\t\t<div class=\"elementor-widget-container\">\n\t\t\t\t\t\t\t<div class=\"elementor-spacer\">\n\t\t\t<div class=\"elementor-spacer-inner\"><\/div>\n\t\t<\/div>\n\t\t\t\t\t\t<\/div>\n\t\t\t\t<\/div>\n\t\t\t\t<\/div>\n\t\t<div class=\"elementor-element elementor-element-28f1796 e-con-full e-flex sc_layouts_column_icons_position_left e-con e-child\" data-id=\"28f1796\" data-element_type=\"container\">\n\t\t\t\t<div class=\"elementor-element elementor-element-c062197 sc_fly_static elementor-widget elementor-widget-spacer\" data-id=\"c062197\" data-element_type=\"widget\" data-widget_type=\"spacer.default\">\n\t\t\t\t<div class=\"elementor-widget-container\">\n\t\t\t\t\t\t\t<div class=\"elementor-spacer\">\n\t\t\t<div class=\"elementor-spacer-inner\"><\/div>\n\t\t<\/div>\n\t\t\t\t\t\t<\/div>\n\t\t\t\t<\/div>\n\t\t\t\t<div data-animation-type=\"block\" class=\"elementor-element elementor-element-bcb2bde elementor-view-default elementor-position-top elementor-mobile-position-top animation_type_block sc_fly_static elementor-invisible elementor-widget elementor-widget-icon-box\" data-id=\"bcb2bde\" data-element_type=\"widget\" data-settings=\"{&quot;_animation&quot;:&quot;eventicity-fadeinup&quot;}\" data-widget_type=\"icon-box.default\">\n\t\t\t\t<div class=\"elementor-widget-container\">\n\t\t\t\t\t\t\t<div class=\"elementor-icon-box-wrapper\">\n\n\t\t\t\t\t\t<div class=\"elementor-icon-box-icon\">\n\t\t\t\t<span  class=\"elementor-icon\">\n\t\t\t\t\t\t\t\t<\/span>\n\t\t\t<\/div>\n\t\t\t\n\t\t\t\t\t\t<div class=\"elementor-icon-box-content\">\n\n\t\t\t\t\t\t\t\t\t<h3 class=\"elementor-icon-box-title\">\n\t\t\t\t\t\t<span  >\n\t\t\t\t\t\t\tProjekt o\u015bwietlenia w centrach handlowego\t\t\t\t\t\t<\/span>\n\t\t\t\t\t<\/h3>\n\t\t\t\t\n\t\t\t\t\t\t\t\t\t<p class=\"elementor-icon-box-description\">\n\t\t\t\t\t\tProjektujemy innowacyjne rozwi\u0105zania o\u015bwietleniowe zar\u00f3wno w zakresie elektro-oszcz\u0119dno\u015bci jak i specjalnych efekt\u00f3w wizualnych opracowanych na miar\u0119 potrzeb i wymaga\u0144 naszych Klient\u00f3w.<br><br>\n\nW swoich projektach, pr\u00f3cz najwy\u017cszej jako\u015bci produkt\u00f3w, stawiamy na najwy\u017csz\u0105 jako\u015b\u0107 wykonywanych prac pod wzgl\u0119dem technicznym i insalacyjnym.\t\t\t\t\t<\/p>\n\t\t\t\t\n\t\t\t<\/div>\n\t\t\t\n\t\t<\/div>\n\t\t\t\t\t\t<\/div>\n\t\t\t\t<\/div>\n\t\t\t\t<div data-animation-type=\"block\" class=\"elementor-element elementor-element-2f39f9d elementor-view-default elementor-position-top elementor-mobile-position-top animation_type_block sc_fly_static elementor-invisible elementor-widget elementor-widget-icon-box\" data-id=\"2f39f9d\" data-element_type=\"widget\" data-settings=\"{&quot;_animation&quot;:&quot;eventicity-fadeinup&quot;}\" data-widget_type=\"icon-box.default\">\n\t\t\t\t<div class=\"elementor-widget-container\">\n\t\t\t\t\t\t\t<div class=\"elementor-icon-box-wrapper\">\n\n\t\t\t\t\t\t<div class=\"elementor-icon-box-icon\">\n\t\t\t\t<span  class=\"elementor-icon\">\n\t\t\t\t\t\t\t\t<\/span>\n\t\t\t<\/div>\n\t\t\t\n\t\t\t\t\t\t<div class=\"elementor-icon-box-content\">\n\n\t\t\t\t\t\t\t\t\t<h3 class=\"elementor-icon-box-title\">\n\t\t\t\t\t\t<span  >\n\t\t\t\t\t\t\tSprzeda\u017c o\u015bwietlenia do centrum handlowego\t\t\t\t\t\t<\/span>\n\t\t\t\t\t<\/h3>\n\t\t\t\t\n\t\t\t\t\t\t\t\t\t<p class=\"elementor-icon-box-description\">\n\t\t\t\t\t\tMaster Light Service zajmuje si\u0119 sprzeda\u017c\u0105 nowoczesnych rozwi\u0105za\u0144 o\u015bwietleniowych. Dzi\u0119ki wieloletniemu do\u015bwiadczeniu w bran\u017cy, mo\u017cemy z rado\u015bci\u0105 zaproponowa\u0107 Pa\u0144stwu zaprojektowanie i zrealizowanie atrakcyjnego systemu <b>o\u015bwietlenia LED w centrach handlowych.<\/b>\t\t\t\t\t<\/p>\n\t\t\t\t\n\t\t\t<\/div>\n\t\t\t\n\t\t<\/div>\n\t\t\t\t\t\t<\/div>\n\t\t\t\t<\/div>\n\t\t\t\t<div data-animation-type=\"block\" class=\"elementor-element elementor-element-73df68e elementor-view-default elementor-position-top elementor-mobile-position-top animation_type_block sc_fly_static elementor-invisible elementor-widget elementor-widget-icon-box\" data-id=\"73df68e\" data-element_type=\"widget\" data-settings=\"{&quot;_animation&quot;:&quot;eventicity-fadeinup&quot;}\" data-widget_type=\"icon-box.default\">\n\t\t\t\t<div class=\"elementor-widget-container\">\n\t\t\t\t\t\t\t<div class=\"elementor-icon-box-wrapper\">\n\n\t\t\t\t\t\t<div class=\"elementor-icon-box-icon\">\n\t\t\t\t<span  class=\"elementor-icon\">\n\t\t\t\t\t\t\t\t<\/span>\n\t\t\t<\/div>\n\t\t\t\n\t\t\t\t\t\t<div class=\"elementor-icon-box-content\">\n\n\t\t\t\t\t\t\t\t\t<h3 class=\"elementor-icon-box-title\">\n\t\t\t\t\t\t<span  >\n\t\t\t\t\t\t\tMontaz o\u015bwietlenia w centrum handlowych\t\t\t\t\t\t<\/span>\n\t\t\t\t\t<\/h3>\n\t\t\t\t\n\t\t\t\t\t\t\t\t\t<p class=\"elementor-icon-box-description\">\n\t\t\t\t\t\tTechnologia LED niesie ze sob\u0105 wiele zalet ale r\u00f3wnie\u017c specyficznych wymaga\u0144. Dlatego nasza firma dysponuje wykfalifikowany zesp\u00f3\u0142, kt\u00f3ry zapewnia monta\u017c o\u015bwietlenia led w centrum handlowym.\t\t\t\t\t<\/p>\n\t\t\t\t\n\t\t\t<\/div>\n\t\t\t\n\t\t<\/div>\n\t\t\t\t\t\t<\/div>\n\t\t\t\t<\/div>\n\t\t\t\t<div data-animation-type=\"block\" class=\"elementor-element elementor-element-5be49cb elementor-view-default elementor-position-top elementor-mobile-position-top animation_type_block sc_fly_static elementor-invisible elementor-widget elementor-widget-icon-box\" data-id=\"5be49cb\" data-element_type=\"widget\" data-settings=\"{&quot;_animation&quot;:&quot;eventicity-fadeinup&quot;}\" data-widget_type=\"icon-box.default\">\n\t\t\t\t<div class=\"elementor-widget-container\">\n\t\t\t\t\t\t\t<div class=\"elementor-icon-box-wrapper\">\n\n\t\t\t\t\t\t<div class=\"elementor-icon-box-icon\">\n\t\t\t\t<span  class=\"elementor-icon\">\n\t\t\t\t\t\t\t\t<\/span>\n\t\t\t<\/div>\n\t\t\t\n\t\t\t\t\t\t<div class=\"elementor-icon-box-content\">\n\n\t\t\t\t\t\t\t\t\t<h3 class=\"elementor-icon-box-title\">\n\t\t\t\t\t\t<span  >\n\t\t\t\t\t\t\tSerwis oswieltnia w centrach hanldowych\t\t\t\t\t\t<\/span>\n\t\t\t\t\t<\/h3>\n\t\t\t\t\n\t\t\t\t\t\t\t\t\t<p class=\"elementor-icon-box-description\">\n\t\t\t\t\t\tOdpowiednie zaplecze techniczne oraz wieloletnie do\u015bwiadczenie w bran\u017cy o\u015bwietleniowej pozwala nam zapewni\u0107 klientom serwis o\u015bwietlenia led w centrach handlowych.<br><br>\n\nWe restore the functionality of lighting electronics or replace faulty power systems and LED modules with new ones\t\t\t\t\t<\/p>\n\t\t\t\t\n\t\t\t<\/div>\n\t\t\t\n\t\t<\/div>\n\t\t\t\t\t\t<\/div>\n\t\t\t\t<\/div>\n\t\t\t\t<div class=\"elementor-element elementor-element-d015147 sc_fly_static elementor-widget elementor-widget-spacer\" data-id=\"d015147\" data-element_type=\"widget\" data-widget_type=\"spacer.default\">\n\t\t\t\t<div class=\"elementor-widget-container\">\n\t\t\t\t\t\t\t<div class=\"elementor-spacer\">\n\t\t\t<div class=\"elementor-spacer-inner\"><\/div>\n\t\t<\/div>\n\t\t\t\t\t\t<\/div>\n\t\t\t\t<\/div>\n\t\t\t\t<\/div>\n\t\t\t\t\t<\/div>\n\t\t\t\t<\/div>\n\t\t\t\t<\/div>","protected":false},"excerpt":{"rendered":"<p>O\u015bwietlenie centr\u00f3w handlowych Wiemy jak istotna i\u00a0z\u0142o\u017con\u0105 rol\u0119 odgrywa o\u015bwietlenie w\u00a0stymulacji zakupowej klient\u00f3w w\u00a0centrum handlowym,&hellip;<\/p>","protected":false},"author":1,"featured_media":0,"parent":0,"menu_order":0,"comment_status":"closed","ping_status":"closed","template":"elementor_header_footer","meta":{"_eb_attr":"","om_disable_all_campaigns":false,"_monsterinsights_skip_tracking":false,"_monsterinsights_sitenote_active":false,"_monsterinsights_sitenote_note":"","_monsterinsights_sitenote_category":0,"footnotes":""},"class_list":["post-737","page","type-page","status-publish","hentry"],"aioseo_notices":[],"_links":{"self":[{"href":"https:\/\/masterlightservice.pl\/en\/wp-json\/wp\/v2\/pages\/737","targetHints":{"allow":["GET"]}}],"collection":[{"href":"https:\/\/masterlightservice.pl\/en\/wp-json\/wp\/v2\/pages"}],"about":[{"href":"https:\/\/masterlightservice.pl\/en\/wp-json\/wp\/v2\/types\/page"}],"author":[{"embeddable":true,"href":"https:\/\/masterlightservice.pl\/en\/wp-json\/wp\/v2\/users\/1"}],"replies":[{"embeddable":true,"href":"https:\/\/masterlightservice.pl\/en\/wp-json\/wp\/v2\/comments?post=737"}],"version-history":[{"count":0,"href":"https:\/\/masterlightservice.pl\/en\/wp-json\/wp\/v2\/pages\/737\/revisions"}],"wp:attachment":[{"href":"https:\/\/masterlightservice.pl\/en\/wp-json\/wp\/v2\/media?parent=737"}],"curies":[{"name":"wp","href":"https:\/\/api.w.org\/{rel}","templated":true}]}}