{"id":579,"date":"2025-03-17T23:29:54","date_gmt":"2025-03-17T22:29:54","guid":{"rendered":"http:\/\/projekt.masterlightservice.pl\/?page_id=579"},"modified":"2025-05-04T12:32:25","modified_gmt":"2025-05-04T10:32:25","slug":"oswietlenie-hali-produkcyjnej","status":"publish","type":"page","link":"https:\/\/masterlightservice.pl\/en\/oswietlenie-hali-produkcyjnej\/","title":{"rendered":"Production hall lighting"},"content":{"rendered":"<div data-elementor-type=\"wp-page\" data-elementor-id=\"579\" class=\"elementor elementor-579\">\n\t\t\t\t<div class=\"elementor-element elementor-element-5cd2c4a e-flex e-con-boxed sc_layouts_column_icons_position_left e-con e-parent\" data-id=\"5cd2c4a\" data-element_type=\"container\" data-settings=\"{&quot;background_background&quot;:&quot;classic&quot;}\">\n\t\t\t\t\t<div class=\"e-con-inner\">\n\t\t\t\t<div class=\"elementor-element elementor-element-5d6acef sc_fly_static elementor-widget elementor-widget-spacer\" data-id=\"5d6acef\" data-element_type=\"widget\" data-widget_type=\"spacer.default\">\n\t\t\t\t<div class=\"elementor-widget-container\">\n\t\t\t\t\t\t\t<div class=\"elementor-spacer\">\n\t\t\t<div class=\"elementor-spacer-inner\"><\/div>\n\t\t<\/div>\n\t\t\t\t\t\t<\/div>\n\t\t\t\t<\/div>\n\t\t\t\t<div class=\"elementor-element elementor-element-8be51b1 sc_fly_static elementor-widget elementor-widget-heading\" data-id=\"8be51b1\" data-element_type=\"widget\" data-widget_type=\"heading.default\">\n\t\t\t\t<div class=\"elementor-widget-container\">\n\t\t\t\t\t<h1 class=\"elementor-heading-title elementor-size-default\">Production hall lighting<\/h1>\t\t\t\t<\/div>\n\t\t\t\t<\/div>\n\t\t\t\t<div class=\"elementor-element elementor-element-6726a76 sc_fly_static elementor-widget elementor-widget-spacer\" data-id=\"6726a76\" data-element_type=\"widget\" data-widget_type=\"spacer.default\">\n\t\t\t\t<div class=\"elementor-widget-container\">\n\t\t\t\t\t\t\t<div class=\"elementor-spacer\">\n\t\t\t<div class=\"elementor-spacer-inner\"><\/div>\n\t\t<\/div>\n\t\t\t\t\t\t<\/div>\n\t\t\t\t<\/div>\n\t\t\t\t\t<\/div>\n\t\t\t\t<\/div>\n\t\t<div class=\"elementor-element elementor-element-4cfc7fb e-flex e-con-boxed sc_layouts_column_icons_position_left e-con e-parent\" data-id=\"4cfc7fb\" data-element_type=\"container\">\n\t\t\t\t\t<div class=\"e-con-inner\">\n\t\t\t\t<div class=\"elementor-element elementor-element-16bcfb2 sc_fly_static elementor-widget elementor-widget-spacer\" data-id=\"16bcfb2\" data-element_type=\"widget\" data-widget_type=\"spacer.default\">\n\t\t\t\t<div class=\"elementor-widget-container\">\n\t\t\t\t\t\t\t<div class=\"elementor-spacer\">\n\t\t\t<div class=\"elementor-spacer-inner\"><\/div>\n\t\t<\/div>\n\t\t\t\t\t\t<\/div>\n\t\t\t\t<\/div>\n\t\t\t\t<div class=\"elementor-element elementor-element-d24010c sc_fly_static elementor-widget elementor-widget-text-editor\" data-id=\"d24010c\" data-element_type=\"widget\" data-widget_type=\"text-editor.default\">\n\t\t\t\t<div class=\"elementor-widget-container\">\n\t\t\t\t\t\t\t\t\t<p>When lighting the production hall, it is necessary to analyze the requirements of each workplace. The nature of actions performed in this position is the main parameter that determines the choice of lighting. Properly selected lighting on the shop floor brings the investor a number of advantages. Studies have shown that increasing the illumination in the metalworking industry from 300 lux to 2000 lux provides a 16% increase in task performance and a 29% reduction in return.<\/p><p>Productivity increased by about 8%, and improved lighting also resulted in a 52% reduction in accidents.<\/p>\t\t\t\t\t\t\t\t<\/div>\n\t\t\t\t<\/div>\n\t\t\t\t<div class=\"elementor-element elementor-element-ae55c88 sc_fly_static elementor-widget elementor-widget-spacer\" data-id=\"ae55c88\" data-element_type=\"widget\" data-widget_type=\"spacer.default\">\n\t\t\t\t<div class=\"elementor-widget-container\">\n\t\t\t\t\t\t\t<div class=\"elementor-spacer\">\n\t\t\t<div class=\"elementor-spacer-inner\"><\/div>\n\t\t<\/div>\n\t\t\t\t\t\t<\/div>\n\t\t\t\t<\/div>\n\t\t\t\t\t<\/div>\n\t\t\t\t<\/div>\n\t\t\t\t<section class=\"elementor-section elementor-top-section elementor-element elementor-element-c6d7329 elementor-section-boxed elementor-section-height-default elementor-section-height-default sc_fly_static\" data-id=\"c6d7329\" data-element_type=\"section\" data-settings=\"{&quot;background_background&quot;:&quot;classic&quot;}\">\n\t\t\t\t\t\t<div class=\"elementor-container elementor-column-gap-no\">\n\t\t\t\t\t<div class=\"elementor-column elementor-col-50 elementor-top-column elementor-element elementor-element-a9519c7 sc_column_fixed sc_layouts_hide_on_mobile sc_content_align_inherit sc_layouts_column_icons_position_left sc_fly_static\" data-id=\"a9519c7\" data-element_type=\"column\">\n\t\t\t<div class=\"elementor-widget-wrap elementor-element-populated\">\n\t\t\t\t\t\t<div data-animation-type=\"block\" class=\"elementor-element elementor-element-1448e5b no-title animation_type_block sc_fly_static elementor-invisible elementor-widget elementor-widget-image\" data-id=\"1448e5b\" data-element_type=\"widget\" data-settings=\"{&quot;_animation&quot;:&quot;eventicity-fadeinup&quot;}\" data-widget_type=\"image.default\">\n\t\t\t\t<div class=\"elementor-widget-container\">\n\t\t\t\t\t\t\t\t\t\t\t\t\t\t\t<img decoding=\"async\" src=\"https:\/\/masterlightservice.pl\/wp-content\/uploads\/2024\/03\/img-1-copyright.jpg\" title=\"\" alt=\"\" loading=\"lazy\" \/>\t\t\t\t\t\t\t\t\t\t\t\t\t\t\t<\/div>\n\t\t\t\t<\/div>\n\t\t\t\t<div class=\"elementor-element elementor-element-77b869f sc_fly_static elementor-widget elementor-widget-spacer\" data-id=\"77b869f\" data-element_type=\"widget\" data-widget_type=\"spacer.default\">\n\t\t\t\t<div class=\"elementor-widget-container\">\n\t\t\t\t\t\t\t<div class=\"elementor-spacer\">\n\t\t\t<div class=\"elementor-spacer-inner\"><\/div>\n\t\t<\/div>\n\t\t\t\t\t\t<\/div>\n\t\t\t\t<\/div>\n\t\t\t\t<div class=\"elementor-element elementor-element-f515bd0 gallery-spacing-custom sc_fly_static elementor-widget elementor-widget-image-gallery\" data-id=\"f515bd0\" data-element_type=\"widget\" data-widget_type=\"image-gallery.default\">\n\t\t\t\t<div class=\"elementor-widget-container\">\n\t\t\t\t\t\t\t<div class=\"elementor-image-gallery\">\n\t\t\t<div id='gallery-1' class='gallery galleryid-579 gallery-columns-2 gallery-size-trx_addons-thumb-avatar'><figure class='gallery-item'>\n\t\t\t<div class='gallery-icon portrait'>\n\t\t\t\t<img fetchpriority=\"high\" decoding=\"async\" width=\"278\" height=\"370\" src=\"https:\/\/masterlightservice.pl\/wp-content\/uploads\/2025\/02\/21246127_1632190173471653_1124280604_o.jpg\" class=\"attachment-trx_addons-thumb-avatar size-trx_addons-thumb-avatar\" alt=\"Ogr\u00f3d z wielobarwnym o\u015bwietleniem drzew \u2013 efekt \u015bwietlny zmieniaj\u0105cy si\u0119 dynamicznie.\" aria-describedby=\"gallery-1-132\" srcset=\"https:\/\/masterlightservice.pl\/wp-content\/uploads\/2025\/02\/21246127_1632190173471653_1124280604_o.jpg 1536w, https:\/\/masterlightservice.pl\/wp-content\/uploads\/2025\/02\/21246127_1632190173471653_1124280604_o-225x300.jpg 225w, https:\/\/masterlightservice.pl\/wp-content\/uploads\/2025\/02\/21246127_1632190173471653_1124280604_o-768x1024.jpg 768w, https:\/\/masterlightservice.pl\/wp-content\/uploads\/2025\/02\/21246127_1632190173471653_1124280604_o-1152x1536.jpg 1152w\" sizes=\"(max-width: 278px) 100vw, 278px\" \/>\n\t\t\t<\/div>\n\t\t\t\t<figcaption class='wp-caption-text gallery-caption' id='gallery-1-132'>\n\t\t\t\tOgr\u00f3d z wielobarwnym o\u015bwietleniem drzew \u2013 efekt \u015bwietlny zmieniaj\u0105cy si\u0119 dynamicznie.\n\t\t\t\t<\/figcaption><\/figure><figure class='gallery-item'>\n\t\t\t<div class='gallery-icon landscape'>\n\t\t\t\t<img decoding=\"async\" width=\"370\" height=\"247\" src=\"https:\/\/masterlightservice.pl\/wp-content\/uploads\/2025\/02\/Warsaw-Spire-day-I-gabrielgmurczyk.com-175.jpg\" class=\"attachment-trx_addons-thumb-avatar size-trx_addons-thumb-avatar\" alt=\"Warsaw Spire \u2013 o\u015bwietlenie LED klasy premium w presti\u017cowej inwestycji biurowej w Warszawie.\" aria-describedby=\"gallery-1-105\" srcset=\"https:\/\/masterlightservice.pl\/wp-content\/uploads\/2025\/02\/Warsaw-Spire-day-I-gabrielgmurczyk.com-175.jpg 2016w, https:\/\/masterlightservice.pl\/wp-content\/uploads\/2025\/02\/Warsaw-Spire-day-I-gabrielgmurczyk.com-175-300x200.jpg 300w, https:\/\/masterlightservice.pl\/wp-content\/uploads\/2025\/02\/Warsaw-Spire-day-I-gabrielgmurczyk.com-175-1024x684.jpg 1024w, https:\/\/masterlightservice.pl\/wp-content\/uploads\/2025\/02\/Warsaw-Spire-day-I-gabrielgmurczyk.com-175-768x513.jpg 768w, https:\/\/masterlightservice.pl\/wp-content\/uploads\/2025\/02\/Warsaw-Spire-day-I-gabrielgmurczyk.com-175-1536x1026.jpg 1536w\" sizes=\"(max-width: 600px) 100vw, 370px\" \/>\n\t\t\t<\/div>\n\t\t\t\t<figcaption class='wp-caption-text gallery-caption' id='gallery-1-105'>\n\t\t\t\tWarsaw Spire \u2013 o\u015bwietlenie LED klasy premium w presti\u017cowej inwestycji biurowej w Warszawie.\n\t\t\t\t<\/figcaption><\/figure><figure class='gallery-item'>\n\t\t\t<div class='gallery-icon landscape'>\n\t\t\t\t<img decoding=\"async\" width=\"370\" height=\"247\" src=\"https:\/\/masterlightservice.pl\/wp-content\/uploads\/2025\/02\/DSC_0498.jpg\" class=\"attachment-trx_addons-thumb-avatar size-trx_addons-thumb-avatar\" alt=\"Warsaw Spire \u2013 nowoczesny system o\u015bwietlenia biurowego LED o wysokiej efektywno\u015bci energetycznej.\" aria-describedby=\"gallery-1-108\" srcset=\"https:\/\/masterlightservice.pl\/wp-content\/uploads\/2025\/02\/DSC_0498.jpg 2000w, https:\/\/masterlightservice.pl\/wp-content\/uploads\/2025\/02\/DSC_0498-300x200.jpg 300w, https:\/\/masterlightservice.pl\/wp-content\/uploads\/2025\/02\/DSC_0498-1024x684.jpg 1024w, https:\/\/masterlightservice.pl\/wp-content\/uploads\/2025\/02\/DSC_0498-768x513.jpg 768w, https:\/\/masterlightservice.pl\/wp-content\/uploads\/2025\/02\/DSC_0498-1536x1025.jpg 1536w\" sizes=\"(max-width: 600px) 100vw, 370px\" \/>\n\t\t\t<\/div>\n\t\t\t\t<figcaption class='wp-caption-text gallery-caption' id='gallery-1-108'>\n\t\t\t\tWarsaw Spire \u2013 nowoczesny system o\u015bwietlenia biurowego LED o wysokiej efektywno\u015bci energetycznej.\n\t\t\t\t<\/figcaption><\/figure><figure class='gallery-item'>\n\t\t\t<div class='gallery-icon landscape'>\n\t\t\t\t<img loading=\"lazy\" decoding=\"async\" width=\"370\" height=\"278\" src=\"https:\/\/masterlightservice.pl\/wp-content\/uploads\/2025\/02\/planetarium.jpg\" class=\"attachment-trx_addons-thumb-avatar size-trx_addons-thumb-avatar\" alt=\"planetarium\u2013 o\u015bwietlenie LED\" aria-describedby=\"gallery-1-142\" srcset=\"https:\/\/masterlightservice.pl\/wp-content\/uploads\/2025\/02\/planetarium.jpg 960w, https:\/\/masterlightservice.pl\/wp-content\/uploads\/2025\/02\/planetarium-300x225.jpg 300w, https:\/\/masterlightservice.pl\/wp-content\/uploads\/2025\/02\/planetarium-768x576.jpg 768w\" sizes=\"(max-width: 600px) 100vw, 370px\" \/>\n\t\t\t<\/div>\n\t\t\t\t<figcaption class='wp-caption-text gallery-caption' id='gallery-1-142'>\n\t\t\t\tplanetarium\u2013 o\u015bwietlenie LED\n\t\t\t\t<\/figcaption><\/figure><figure class='gallery-item'>\n\t\t\t<div class='gallery-icon landscape'>\n\t\t\t\t<img loading=\"lazy\" decoding=\"async\" width=\"370\" height=\"208\" src=\"https:\/\/masterlightservice.pl\/wp-content\/uploads\/2025\/02\/moszna1.jpg\" class=\"attachment-trx_addons-thumb-avatar size-trx_addons-thumb-avatar\" alt=\"nowoczesne oprawy LED\" aria-describedby=\"gallery-1-149\" srcset=\"https:\/\/masterlightservice.pl\/wp-content\/uploads\/2025\/02\/moszna1.jpg 1920w, https:\/\/masterlightservice.pl\/wp-content\/uploads\/2025\/02\/moszna1-300x169.jpg 300w, https:\/\/masterlightservice.pl\/wp-content\/uploads\/2025\/02\/moszna1-1024x575.jpg 1024w, https:\/\/masterlightservice.pl\/wp-content\/uploads\/2025\/02\/moszna1-768x432.jpg 768w, https:\/\/masterlightservice.pl\/wp-content\/uploads\/2025\/02\/moszna1-1536x863.jpg 1536w\" sizes=\"(max-width: 600px) 100vw, 370px\" \/>\n\t\t\t<\/div>\n\t\t\t\t<figcaption class='wp-caption-text gallery-caption' id='gallery-1-149'>\n\t\t\t\t nowoczesne oprawy LED\n\t\t\t\t<\/figcaption><\/figure><figure class='gallery-item'>\n\t\t\t<div class='gallery-icon landscape'>\n\t\t\t\t<img loading=\"lazy\" decoding=\"async\" width=\"370\" height=\"247\" src=\"https:\/\/masterlightservice.pl\/wp-content\/uploads\/2025\/02\/swieradow1.jpg\" class=\"attachment-trx_addons-thumb-avatar size-trx_addons-thumb-avatar\" alt=\"\u015awi\u0105teczne o\u015bwietlenie dekoracyjne \u2013 lampki LED zdobi\u0105ce ulice i place miasta.\" aria-describedby=\"gallery-1-138\" srcset=\"https:\/\/masterlightservice.pl\/wp-content\/uploads\/2025\/02\/swieradow1.jpg 1920w, https:\/\/masterlightservice.pl\/wp-content\/uploads\/2025\/02\/swieradow1-300x200.jpg 300w, https:\/\/masterlightservice.pl\/wp-content\/uploads\/2025\/02\/swieradow1-1024x683.jpg 1024w, https:\/\/masterlightservice.pl\/wp-content\/uploads\/2025\/02\/swieradow1-768x512.jpg 768w, https:\/\/masterlightservice.pl\/wp-content\/uploads\/2025\/02\/swieradow1-1536x1025.jpg 1536w\" sizes=\"(max-width: 600px) 100vw, 370px\" \/>\n\t\t\t<\/div>\n\t\t\t\t<figcaption class='wp-caption-text gallery-caption' id='gallery-1-138'>\n\t\t\t\t\u015awi\u0105teczne o\u015bwietlenie dekoracyjne \u2013 lampki LED zdobi\u0105ce ulice i place miasta.\n\t\t\t\t<\/figcaption><\/figure>\n\t\t<\/div>\n\t\t<\/div>\n\t\t\t\t\t\t<\/div>\n\t\t\t\t<\/div>\n\t\t\t\t<div class=\"elementor-element elementor-element-8164733 sc_fly_static elementor-widget elementor-widget-spacer\" data-id=\"8164733\" data-element_type=\"widget\" data-widget_type=\"spacer.default\">\n\t\t\t\t<div class=\"elementor-widget-container\">\n\t\t\t\t\t\t\t<div class=\"elementor-spacer\">\n\t\t\t<div class=\"elementor-spacer-inner\"><\/div>\n\t\t<\/div>\n\t\t\t\t\t\t<\/div>\n\t\t\t\t<\/div>\n\t\t\t\t\t<\/div>\n\t\t<\/div>\n\t\t\t\t<div class=\"elementor-column elementor-col-50 elementor-top-column elementor-element elementor-element-efcdc16 sc_inner_width_1_2 sc-mobile_inner_width_none sc-tablet_inner_width_none sc_content_align_inherit sc_layouts_column_icons_position_left sc_fly_static\" data-id=\"efcdc16\" data-element_type=\"column\">\n\t\t\t<div class=\"elementor-widget-wrap elementor-element-populated\">\n\t\t\t\t\t\t<div class=\"elementor-element elementor-element-f209252 sc_fly_static elementor-widget elementor-widget-spacer\" data-id=\"f209252\" data-element_type=\"widget\" data-widget_type=\"spacer.default\">\n\t\t\t\t<div class=\"elementor-widget-container\">\n\t\t\t\t\t\t\t<div class=\"elementor-spacer\">\n\t\t\t<div class=\"elementor-spacer-inner\"><\/div>\n\t\t<\/div>\n\t\t\t\t\t\t<\/div>\n\t\t\t\t<\/div>\n\t\t\t\t<div data-animation-type=\"block\" class=\"elementor-element elementor-element-7c74fda elementor-view-default elementor-position-top elementor-mobile-position-top animation_type_block sc_fly_static elementor-invisible elementor-widget elementor-widget-icon-box\" data-id=\"7c74fda\" data-element_type=\"widget\" data-settings=\"{&quot;_animation&quot;:&quot;eventicity-fadeinup&quot;}\" data-widget_type=\"icon-box.default\">\n\t\t\t\t<div class=\"elementor-widget-container\">\n\t\t\t\t\t\t\t<div class=\"elementor-icon-box-wrapper\">\n\n\t\t\t\t\t\t<div class=\"elementor-icon-box-icon\">\n\t\t\t\t<span  class=\"elementor-icon\">\n\t\t\t\t\t\t\t\t<\/span>\n\t\t\t<\/div>\n\t\t\t\n\t\t\t\t\t\t<div class=\"elementor-icon-box-content\">\n\n\t\t\t\t\t\t\t\t\t<h2 class=\"elementor-icon-box-title\">\n\t\t\t\t\t\t<span  >\n\t\t\t\t\t\t\tProduction hall lighting project:\t\t\t\t\t\t<\/span>\n\t\t\t\t\t<\/h2>\n\t\t\t\t\n\t\t\t\t\t\t\t\t\t<p class=\"elementor-icon-box-description\">\n\t\t\t\t\t\tWhat will we get if we design the workshop lighting correctly:<br><br>\n\n\n<li>complete tasks faster,<br><\/li>\n<li>limiting the number of errors,<br>\n<li>improving your work efficiency,<br><li>\nincreased security,<br><li>\nreduced accidents and absences from work\nlow installation costs,<br><li>\nfewer lighting fixtures,<br><li>\nlimiting energy consumption,<br><li>\nreduced maintenance costs associated with replacing light sources,<br><\/li>\t\t\t\t\t<\/p>\n\t\t\t\t\n\t\t\t<\/div>\n\t\t\t\n\t\t<\/div>\n\t\t\t\t\t\t<\/div>\n\t\t\t\t<\/div>\n\t\t\t\t<div data-animation-type=\"block\" class=\"elementor-element elementor-element-86d845a elementor-view-default elementor-position-top elementor-mobile-position-top animation_type_block sc_fly_static elementor-invisible elementor-widget elementor-widget-icon-box\" data-id=\"86d845a\" data-element_type=\"widget\" data-settings=\"{&quot;_animation&quot;:&quot;eventicity-fadeinup&quot;}\" data-widget_type=\"icon-box.default\">\n\t\t\t\t<div class=\"elementor-widget-container\">\n\t\t\t\t\t\t\t<div class=\"elementor-icon-box-wrapper\">\n\n\t\t\t\t\t\t<div class=\"elementor-icon-box-icon\">\n\t\t\t\t<span  class=\"elementor-icon\">\n\t\t\t\t\t\t\t\t<\/span>\n\t\t\t<\/div>\n\t\t\t\n\t\t\t\t\t\t<div class=\"elementor-icon-box-content\">\n\n\t\t\t\t\t\t\t\t\t<h3 class=\"elementor-icon-box-title\">\n\t\t\t\t\t\t<span  >\n\t\t\t\t\t\t\tSale of industrial hall lighting:\t\t\t\t\t\t<\/span>\n\t\t\t\t\t<\/h3>\n\t\t\t\t\n\t\t\t\t\t\t\t\t\t<p class=\"elementor-icon-box-description\">\n\t\t\t\t\t\tMaster Light Service offers the sale of correctly selected lighting for production halls. We provide Warranty, service and installation.\t\t\t\t\t<\/p>\n\t\t\t\t\n\t\t\t<\/div>\n\t\t\t\n\t\t<\/div>\n\t\t\t\t\t\t<\/div>\n\t\t\t\t<\/div>\n\t\t\t\t<div data-animation-type=\"block\" class=\"elementor-element elementor-element-e98cd35 elementor-view-default elementor-position-top elementor-mobile-position-top animation_type_block sc_fly_static elementor-invisible elementor-widget elementor-widget-icon-box\" data-id=\"e98cd35\" data-element_type=\"widget\" data-settings=\"{&quot;_animation&quot;:&quot;eventicity-fadeinup&quot;}\" data-widget_type=\"icon-box.default\">\n\t\t\t\t<div class=\"elementor-widget-container\">\n\t\t\t\t\t\t\t<div class=\"elementor-icon-box-wrapper\">\n\n\t\t\t\t\t\t<div class=\"elementor-icon-box-icon\">\n\t\t\t\t<span  class=\"elementor-icon\">\n\t\t\t\t\t\t\t\t<\/span>\n\t\t\t<\/div>\n\t\t\t\n\t\t\t\t\t\t<div class=\"elementor-icon-box-content\">\n\n\t\t\t\t\t\t\t\t\t<h3 class=\"elementor-icon-box-title\">\n\t\t\t\t\t\t<span  >\n\t\t\t\t\t\t\tInstallation of production hall lighting:\t\t\t\t\t\t<\/span>\n\t\t\t\t\t<\/h3>\n\t\t\t\t\n\t\t\t\t\t\t\t\t\t<p class=\"elementor-icon-box-description\">\n\t\t\t\t\t\tA team of qualified Master Light Service employees will take over the installation of lighting even for very demanding projects.\t\t\t\t\t<\/p>\n\t\t\t\t\n\t\t\t<\/div>\n\t\t\t\n\t\t<\/div>\n\t\t\t\t\t\t<\/div>\n\t\t\t\t<\/div>\n\t\t\t\t<div data-animation-type=\"block\" class=\"elementor-element elementor-element-d84b9f0 elementor-view-default elementor-position-top elementor-mobile-position-top animation_type_block sc_fly_static elementor-invisible elementor-widget elementor-widget-icon-box\" data-id=\"d84b9f0\" data-element_type=\"widget\" data-settings=\"{&quot;_animation&quot;:&quot;eventicity-fadeinup&quot;}\" data-widget_type=\"icon-box.default\">\n\t\t\t\t<div class=\"elementor-widget-container\">\n\t\t\t\t\t\t\t<div class=\"elementor-icon-box-wrapper\">\n\n\t\t\t\t\t\t<div class=\"elementor-icon-box-icon\">\n\t\t\t\t<span  class=\"elementor-icon\">\n\t\t\t\t\t\t\t\t<\/span>\n\t\t\t<\/div>\n\t\t\t\n\t\t\t\t\t\t<div class=\"elementor-icon-box-content\">\n\n\t\t\t\t\t\t\t\t\t<h3 class=\"elementor-icon-box-title\">\n\t\t\t\t\t\t<span  >\n\t\t\t\t\t\t\tProduction shop lighting service:\t\t\t\t\t\t<\/span>\n\t\t\t\t\t<\/h3>\n\t\t\t\t\n\t\t\t\t\t\t\t\t\t<p class=\"elementor-icon-box-description\">\n\t\t\t\t\t\tMaster Light Service has been providing LED lighting services to customers for many years. We have the knowledge and the appropriate technical base to restore the efficiency of lighting electronics or replace faulty power systems and LED modules with new ones\t\t\t\t\t<\/p>\n\t\t\t\t\n\t\t\t<\/div>\n\t\t\t\n\t\t<\/div>\n\t\t\t\t\t\t<\/div>\n\t\t\t\t<\/div>\n\t\t\t\t<div class=\"elementor-element elementor-element-6468d21 sc_fly_static elementor-widget elementor-widget-spacer\" data-id=\"6468d21\" data-element_type=\"widget\" data-widget_type=\"spacer.default\">\n\t\t\t\t<div class=\"elementor-widget-container\">\n\t\t\t\t\t\t\t<div class=\"elementor-spacer\">\n\t\t\t<div class=\"elementor-spacer-inner\"><\/div>\n\t\t<\/div>\n\t\t\t\t\t\t<\/div>\n\t\t\t\t<\/div>\n\t\t\t\t\t<\/div>\n\t\t<\/div>\n\t\t\t\t\t<\/div>\n\t\t<\/section>\n\t\t\t\t<\/div>","protected":false},"excerpt":{"rendered":"<p>O\u015bwietlenie hali produkcyjnej O\u015bwietlaj\u0105c hal\u0119 produkcyjn\u0105 nale\u017cy przeanalizowa\u0107 wymagania ka\u017cdego stanowiska pracy. Charakter czynno\u015bci wykonywanych&hellip;<\/p>","protected":false},"author":1,"featured_media":0,"parent":0,"menu_order":0,"comment_status":"closed","ping_status":"closed","template":"elementor_header_footer","meta":{"_eb_attr":"","om_disable_all_campaigns":false,"_monsterinsights_skip_tracking":false,"_monsterinsights_sitenote_active":false,"_monsterinsights_sitenote_note":"","_monsterinsights_sitenote_category":0,"footnotes":""},"class_list":["post-579","page","type-page","status-publish","hentry"],"aioseo_notices":[],"_links":{"self":[{"href":"https:\/\/masterlightservice.pl\/en\/wp-json\/wp\/v2\/pages\/579","targetHints":{"allow":["GET"]}}],"collection":[{"href":"https:\/\/masterlightservice.pl\/en\/wp-json\/wp\/v2\/pages"}],"about":[{"href":"https:\/\/masterlightservice.pl\/en\/wp-json\/wp\/v2\/types\/page"}],"author":[{"embeddable":true,"href":"https:\/\/masterlightservice.pl\/en\/wp-json\/wp\/v2\/users\/1"}],"replies":[{"embeddable":true,"href":"https:\/\/masterlightservice.pl\/en\/wp-json\/wp\/v2\/comments?post=579"}],"version-history":[{"count":0,"href":"https:\/\/masterlightservice.pl\/en\/wp-json\/wp\/v2\/pages\/579\/revisions"}],"wp:attachment":[{"href":"https:\/\/masterlightservice.pl\/en\/wp-json\/wp\/v2\/media?parent=579"}],"curies":[{"name":"wp","href":"https:\/\/api.w.org\/{rel}","templated":true}]}}