{"id":570,"date":"2025-03-17T23:15:34","date_gmt":"2025-03-17T22:15:34","guid":{"rendered":"http:\/\/projekt.masterlightservice.pl\/?page_id=570"},"modified":"2025-08-26T10:03:52","modified_gmt":"2025-08-26T08:03:52","slug":"oswietlenie-magazynu","status":"publish","type":"page","link":"https:\/\/masterlightservice.pl\/en\/oswietlenie-magazynu\/","title":{"rendered":"Warehouse lighting"},"content":{"rendered":"<div data-elementor-type=\"wp-page\" data-elementor-id=\"570\" class=\"elementor elementor-570\">\n\t\t\t\t<div class=\"elementor-element elementor-element-01f3088 e-flex e-con-boxed sc_layouts_column_icons_position_left e-con e-parent\" data-id=\"01f3088\" data-element_type=\"container\" data-settings=\"{&quot;background_background&quot;:&quot;classic&quot;}\">\n\t\t\t\t\t<div class=\"e-con-inner\">\n\t\t\t\t<div class=\"elementor-element elementor-element-df9962e sc_fly_static elementor-widget elementor-widget-spacer\" data-id=\"df9962e\" data-element_type=\"widget\" data-widget_type=\"spacer.default\">\n\t\t\t\t<div class=\"elementor-widget-container\">\n\t\t\t\t\t\t\t<div class=\"elementor-spacer\">\n\t\t\t<div class=\"elementor-spacer-inner\"><\/div>\n\t\t<\/div>\n\t\t\t\t\t\t<\/div>\n\t\t\t\t<\/div>\n\t\t\t\t<div class=\"elementor-element elementor-element-c3bcf63 sc_fly_static elementor-widget elementor-widget-heading\" data-id=\"c3bcf63\" data-element_type=\"widget\" data-widget_type=\"heading.default\">\n\t\t\t\t<div class=\"elementor-widget-container\">\n\t\t\t\t\t<h1 class=\"elementor-heading-title elementor-size-default\">Warehouse lighting<\/h1>\t\t\t\t<\/div>\n\t\t\t\t<\/div>\n\t\t\t\t<div class=\"elementor-element elementor-element-2c58de6 sc_fly_static elementor-widget elementor-widget-spacer\" data-id=\"2c58de6\" data-element_type=\"widget\" data-widget_type=\"spacer.default\">\n\t\t\t\t<div class=\"elementor-widget-container\">\n\t\t\t\t\t\t\t<div class=\"elementor-spacer\">\n\t\t\t<div class=\"elementor-spacer-inner\"><\/div>\n\t\t<\/div>\n\t\t\t\t\t\t<\/div>\n\t\t\t\t<\/div>\n\t\t\t\t\t<\/div>\n\t\t\t\t<\/div>\n\t\t<div class=\"elementor-element elementor-element-c8a6f90 e-flex e-con-boxed sc_layouts_column_icons_position_left e-con e-parent\" data-id=\"c8a6f90\" data-element_type=\"container\">\n\t\t\t\t\t<div class=\"e-con-inner\">\n\t\t\t\t<div class=\"elementor-element elementor-element-eb0bb9e sc_fly_static elementor-widget elementor-widget-spacer\" data-id=\"eb0bb9e\" data-element_type=\"widget\" data-widget_type=\"spacer.default\">\n\t\t\t\t<div class=\"elementor-widget-container\">\n\t\t\t\t\t\t\t<div class=\"elementor-spacer\">\n\t\t\t<div class=\"elementor-spacer-inner\"><\/div>\n\t\t<\/div>\n\t\t\t\t\t\t<\/div>\n\t\t\t\t<\/div>\n\t\t\t\t<div class=\"elementor-element elementor-element-91a76e7 sc_fly_static elementor-widget elementor-widget-text-editor\" data-id=\"91a76e7\" data-element_type=\"widget\" data-widget_type=\"text-editor.default\">\n\t\t\t\t<div class=\"elementor-widget-container\">\n\t\t\t\t\t\t\t\t\t<p>Warehouses usually don&#039;t have access to daylight. High roof structures and narrow passageways between high shelving units place special lighting requirements. The standard EN 12464-1 provides minimum requirements for lighting in warehouses, the average illumination should be from 100 lux to 200 Lux, but usually this level is not sufficient due to the need to read labels on goods stored on shelves. We recommend a minimum of 300 lx so that you can easily read labels, shipping receipts, and warehouse documents. Lighting should be more intense in the warehouse entrance areas due to higher visibility requirements in communication areas. However, the differences in brightness may not be too large for the human eye.<\/p><ul class=\"trx_addons_list_success\"><li>Lighting design<\/li><li>selling lighting<\/li><li>Installation of lighting<\/li><\/ul>\t\t\t\t\t\t\t\t<\/div>\n\t\t\t\t<\/div>\n\t\t\t\t<div class=\"elementor-element elementor-element-89be8a1 sc_fly_static elementor-widget elementor-widget-spacer\" data-id=\"89be8a1\" data-element_type=\"widget\" data-widget_type=\"spacer.default\">\n\t\t\t\t<div class=\"elementor-widget-container\">\n\t\t\t\t\t\t\t<div class=\"elementor-spacer\">\n\t\t\t<div class=\"elementor-spacer-inner\"><\/div>\n\t\t<\/div>\n\t\t\t\t\t\t<\/div>\n\t\t\t\t<\/div>\n\t\t\t\t\t<\/div>\n\t\t\t\t<\/div>\n\t\t<div class=\"elementor-element elementor-element-817a09e e-flex e-con-boxed sc_layouts_column_icons_position_left e-con e-parent\" data-id=\"817a09e\" data-element_type=\"container\">\n\t\t\t\t\t<div class=\"e-con-inner\">\n\t\t<div class=\"elementor-element elementor-element-a381031 e-con-full e-flex sc_layouts_column_icons_position_left e-con e-child\" data-id=\"a381031\" data-element_type=\"container\">\n\t\t\t\t<div class=\"elementor-element elementor-element-ac09896 sc_fly_static elementor-widget elementor-widget-spacer\" data-id=\"ac09896\" data-element_type=\"widget\" data-widget_type=\"spacer.default\">\n\t\t\t\t<div class=\"elementor-widget-container\">\n\t\t\t\t\t\t\t<div class=\"elementor-spacer\">\n\t\t\t<div class=\"elementor-spacer-inner\"><\/div>\n\t\t<\/div>\n\t\t\t\t\t\t<\/div>\n\t\t\t\t<\/div>\n\t\t\t\t<div class=\"elementor-element elementor-element-aa523d0 gallery-spacing-custom sc_fly_static elementor-widget elementor-widget-image-gallery\" data-id=\"aa523d0\" data-element_type=\"widget\" data-widget_type=\"image-gallery.default\">\n\t\t\t\t<div class=\"elementor-widget-container\">\n\t\t\t\t\t\t\t<div class=\"elementor-image-gallery\">\n\t\t\t<div id='gallery-1' class='gallery galleryid-570 gallery-columns-2 gallery-size-trx_addons-thumb-portrait'><figure class='gallery-item'>\n\t\t\t<div class='gallery-icon landscape'>\n\t\t\t\t<img fetchpriority=\"high\" decoding=\"async\" width=\"370\" height=\"247\" src=\"https:\/\/masterlightservice.pl\/wp-content\/uploads\/2025\/02\/Warsaw-Spire-day-I-gabrielgmurczyk.com-175.jpg\" class=\"attachment-trx_addons-thumb-portrait size-trx_addons-thumb-portrait\" alt=\"Warsaw Spire \u2013 o\u015bwietlenie LED klasy premium w presti\u017cowej inwestycji biurowej w Warszawie.\" aria-describedby=\"gallery-1-105\" srcset=\"https:\/\/masterlightservice.pl\/wp-content\/uploads\/2025\/02\/Warsaw-Spire-day-I-gabrielgmurczyk.com-175.jpg 2016w, https:\/\/masterlightservice.pl\/wp-content\/uploads\/2025\/02\/Warsaw-Spire-day-I-gabrielgmurczyk.com-175-300x200.jpg 300w, https:\/\/masterlightservice.pl\/wp-content\/uploads\/2025\/02\/Warsaw-Spire-day-I-gabrielgmurczyk.com-175-1024x684.jpg 1024w, https:\/\/masterlightservice.pl\/wp-content\/uploads\/2025\/02\/Warsaw-Spire-day-I-gabrielgmurczyk.com-175-768x513.jpg 768w, https:\/\/masterlightservice.pl\/wp-content\/uploads\/2025\/02\/Warsaw-Spire-day-I-gabrielgmurczyk.com-175-1536x1026.jpg 1536w\" sizes=\"(max-width: 600px) 100vw, 370px\" \/>\n\t\t\t<\/div>\n\t\t\t\t<figcaption class='wp-caption-text gallery-caption' id='gallery-1-105'>\n\t\t\t\tWarsaw Spire \u2013 o\u015bwietlenie LED klasy premium w presti\u017cowej inwestycji biurowej w Warszawie.\n\t\t\t\t<\/figcaption><\/figure><figure class='gallery-item'>\n\t\t\t<div class='gallery-icon landscape'>\n\t\t\t\t<img decoding=\"async\" width=\"370\" height=\"208\" src=\"https:\/\/masterlightservice.pl\/wp-content\/uploads\/2025\/02\/moszna1.jpg\" class=\"attachment-trx_addons-thumb-portrait size-trx_addons-thumb-portrait\" alt=\"nowoczesne oprawy LED\" aria-describedby=\"gallery-1-149\" srcset=\"https:\/\/masterlightservice.pl\/wp-content\/uploads\/2025\/02\/moszna1.jpg 1920w, https:\/\/masterlightservice.pl\/wp-content\/uploads\/2025\/02\/moszna1-300x169.jpg 300w, https:\/\/masterlightservice.pl\/wp-content\/uploads\/2025\/02\/moszna1-1024x575.jpg 1024w, https:\/\/masterlightservice.pl\/wp-content\/uploads\/2025\/02\/moszna1-768x432.jpg 768w, https:\/\/masterlightservice.pl\/wp-content\/uploads\/2025\/02\/moszna1-1536x863.jpg 1536w\" sizes=\"(max-width: 600px) 100vw, 370px\" \/>\n\t\t\t<\/div>\n\t\t\t\t<figcaption class='wp-caption-text gallery-caption' id='gallery-1-149'>\n\t\t\t\t nowoczesne oprawy LED\n\t\t\t\t<\/figcaption><\/figure><figure class='gallery-item'>\n\t\t\t<div class='gallery-icon landscape'>\n\t\t\t\t<img decoding=\"async\" width=\"370\" height=\"247\" src=\"https:\/\/masterlightservice.pl\/wp-content\/uploads\/2025\/02\/DSC_0498.jpg\" class=\"attachment-trx_addons-thumb-portrait size-trx_addons-thumb-portrait\" alt=\"Warsaw Spire \u2013 nowoczesny system o\u015bwietlenia biurowego LED o wysokiej efektywno\u015bci energetycznej.\" aria-describedby=\"gallery-1-108\" srcset=\"https:\/\/masterlightservice.pl\/wp-content\/uploads\/2025\/02\/DSC_0498.jpg 2000w, https:\/\/masterlightservice.pl\/wp-content\/uploads\/2025\/02\/DSC_0498-300x200.jpg 300w, https:\/\/masterlightservice.pl\/wp-content\/uploads\/2025\/02\/DSC_0498-1024x684.jpg 1024w, https:\/\/masterlightservice.pl\/wp-content\/uploads\/2025\/02\/DSC_0498-768x513.jpg 768w, https:\/\/masterlightservice.pl\/wp-content\/uploads\/2025\/02\/DSC_0498-1536x1025.jpg 1536w\" sizes=\"(max-width: 600px) 100vw, 370px\" \/>\n\t\t\t<\/div>\n\t\t\t\t<figcaption class='wp-caption-text gallery-caption' id='gallery-1-108'>\n\t\t\t\tWarsaw Spire \u2013 nowoczesny system o\u015bwietlenia biurowego LED o wysokiej efektywno\u015bci energetycznej.\n\t\t\t\t<\/figcaption><\/figure><figure class='gallery-item'>\n\t\t\t<div class='gallery-icon landscape'>\n\t\t\t\t<img loading=\"lazy\" decoding=\"async\" width=\"370\" height=\"247\" src=\"https:\/\/masterlightservice.pl\/wp-content\/uploads\/2025\/02\/swieradow1.jpg\" class=\"attachment-trx_addons-thumb-portrait size-trx_addons-thumb-portrait\" alt=\"\u015awi\u0105teczne o\u015bwietlenie dekoracyjne \u2013 lampki LED zdobi\u0105ce ulice i place miasta.\" aria-describedby=\"gallery-1-138\" srcset=\"https:\/\/masterlightservice.pl\/wp-content\/uploads\/2025\/02\/swieradow1.jpg 1920w, https:\/\/masterlightservice.pl\/wp-content\/uploads\/2025\/02\/swieradow1-300x200.jpg 300w, https:\/\/masterlightservice.pl\/wp-content\/uploads\/2025\/02\/swieradow1-1024x683.jpg 1024w, https:\/\/masterlightservice.pl\/wp-content\/uploads\/2025\/02\/swieradow1-768x512.jpg 768w, https:\/\/masterlightservice.pl\/wp-content\/uploads\/2025\/02\/swieradow1-1536x1025.jpg 1536w\" sizes=\"(max-width: 600px) 100vw, 370px\" \/>\n\t\t\t<\/div>\n\t\t\t\t<figcaption class='wp-caption-text gallery-caption' id='gallery-1-138'>\n\t\t\t\t\u015awi\u0105teczne o\u015bwietlenie dekoracyjne \u2013 lampki LED zdobi\u0105ce ulice i place miasta.\n\t\t\t\t<\/figcaption><\/figure><figure class='gallery-item'>\n\t\t\t<div class='gallery-icon landscape'>\n\t\t\t\t<img loading=\"lazy\" decoding=\"async\" width=\"370\" height=\"278\" src=\"https:\/\/masterlightservice.pl\/wp-content\/uploads\/2025\/02\/planetarium.jpg\" class=\"attachment-trx_addons-thumb-portrait size-trx_addons-thumb-portrait\" alt=\"planetarium\u2013 o\u015bwietlenie LED\" aria-describedby=\"gallery-1-142\" srcset=\"https:\/\/masterlightservice.pl\/wp-content\/uploads\/2025\/02\/planetarium.jpg 960w, https:\/\/masterlightservice.pl\/wp-content\/uploads\/2025\/02\/planetarium-300x225.jpg 300w, https:\/\/masterlightservice.pl\/wp-content\/uploads\/2025\/02\/planetarium-768x576.jpg 768w\" sizes=\"(max-width: 600px) 100vw, 370px\" \/>\n\t\t\t<\/div>\n\t\t\t\t<figcaption class='wp-caption-text gallery-caption' id='gallery-1-142'>\n\t\t\t\tplanetarium\u2013 o\u015bwietlenie LED\n\t\t\t\t<\/figcaption><\/figure><figure class='gallery-item'>\n\t\t\t<div class='gallery-icon portrait'>\n\t\t\t\t<img loading=\"lazy\" decoding=\"async\" width=\"370\" height=\"493\" src=\"https:\/\/masterlightservice.pl\/wp-content\/uploads\/2025\/02\/21246127_1632190173471653_1124280604_o.jpg\" class=\"attachment-trx_addons-thumb-portrait size-trx_addons-thumb-portrait\" alt=\"Ogr\u00f3d z wielobarwnym o\u015bwietleniem drzew \u2013 efekt \u015bwietlny zmieniaj\u0105cy si\u0119 dynamicznie.\" aria-describedby=\"gallery-1-132\" srcset=\"https:\/\/masterlightservice.pl\/wp-content\/uploads\/2025\/02\/21246127_1632190173471653_1124280604_o.jpg 1536w, https:\/\/masterlightservice.pl\/wp-content\/uploads\/2025\/02\/21246127_1632190173471653_1124280604_o-225x300.jpg 225w, https:\/\/masterlightservice.pl\/wp-content\/uploads\/2025\/02\/21246127_1632190173471653_1124280604_o-768x1024.jpg 768w, https:\/\/masterlightservice.pl\/wp-content\/uploads\/2025\/02\/21246127_1632190173471653_1124280604_o-1152x1536.jpg 1152w\" sizes=\"(max-width: 600px) 100vw, 370px\" \/>\n\t\t\t<\/div>\n\t\t\t\t<figcaption class='wp-caption-text gallery-caption' id='gallery-1-132'>\n\t\t\t\tOgr\u00f3d z wielobarwnym o\u015bwietleniem drzew \u2013 efekt \u015bwietlny zmieniaj\u0105cy si\u0119 dynamicznie.\n\t\t\t\t<\/figcaption><\/figure>\n\t\t<\/div>\n\t\t<\/div>\n\t\t\t\t\t\t<\/div>\n\t\t\t\t<\/div>\n\t\t\t\t<div class=\"elementor-element elementor-element-37f1027 sc_fly_static elementor-widget elementor-widget-spacer\" data-id=\"37f1027\" data-element_type=\"widget\" data-widget_type=\"spacer.default\">\n\t\t\t\t<div class=\"elementor-widget-container\">\n\t\t\t\t\t\t\t<div class=\"elementor-spacer\">\n\t\t\t<div class=\"elementor-spacer-inner\"><\/div>\n\t\t<\/div>\n\t\t\t\t\t\t<\/div>\n\t\t\t\t<\/div>\n\t\t\t\t<\/div>\n\t\t<div class=\"elementor-element elementor-element-630902e e-con-full e-flex sc_layouts_column_icons_position_left e-con e-child\" data-id=\"630902e\" data-element_type=\"container\">\n\t\t\t\t<div class=\"elementor-element elementor-element-f315368 sc_fly_static elementor-widget elementor-widget-spacer\" data-id=\"f315368\" data-element_type=\"widget\" data-widget_type=\"spacer.default\">\n\t\t\t\t<div class=\"elementor-widget-container\">\n\t\t\t\t\t\t\t<div class=\"elementor-spacer\">\n\t\t\t<div class=\"elementor-spacer-inner\"><\/div>\n\t\t<\/div>\n\t\t\t\t\t\t<\/div>\n\t\t\t\t<\/div>\n\t\t\t\t<div data-animation-type=\"block\" class=\"elementor-element elementor-element-16ea2f4 elementor-view-default elementor-position-top elementor-mobile-position-top animation_type_block sc_fly_static elementor-invisible elementor-widget elementor-widget-icon-box\" data-id=\"16ea2f4\" data-element_type=\"widget\" data-settings=\"{&quot;_animation&quot;:&quot;eventicity-fadeinup&quot;}\" data-widget_type=\"icon-box.default\">\n\t\t\t\t<div class=\"elementor-widget-container\">\n\t\t\t\t\t\t\t<div class=\"elementor-icon-box-wrapper\">\n\n\t\t\t\t\t\t<div class=\"elementor-icon-box-icon\">\n\t\t\t\t<span  class=\"elementor-icon\">\n\t\t\t\t\t\t\t\t<\/span>\n\t\t\t<\/div>\n\t\t\t\n\t\t\t\t\t\t<div class=\"elementor-icon-box-content\">\n\n\t\t\t\t\t\t\t\t\t<h2 class=\"elementor-icon-box-title\">\n\t\t\t\t\t\t<span  >\n\t\t\t\t\t\t\tWarehouse hall lighting design:\t\t\t\t\t\t<\/span>\n\t\t\t\t\t<\/h2>\n\t\t\t\t\n\t\t\t\t\t\t\t\t\t<p class=\"elementor-icon-box-description\">\n\t\t\t\t\t\tKluczowym czynnikiem w projektowaniu o\u015bwietlenia w magazynach jest ich wysoko\u015b\u0107. W magazynach, kt\u00f3rych wysoko\u015b\u0107 nie przekracza 6 m stosuje si\u0119 oprawy o\u015bwietleniowe z lampami fluorescencyjnych lub o\u015bwietlenie LED. Dla magazyn\u00f3w wysokiego sk\u0142adowania przekraczaj\u0105cych 6 m stosuje si\u0119 zwykle oprawy oparte o technologi\u0119 LED b\u0105d\u017a oprawy wy\u0142adowcze, kt\u00f3re maj\u0105 wysoki strumie\u0144 \u015bwietlny. Dla magazyn\u00f3w wysokiego sk\u0142adowania z rega\u0142ami alternatyw\u0105 s\u0105 tak\u017ce specjalne systemy ci\u0105g\u0142ych rz\u0119d\u00f3w \u015bwietl\u00f3wek, ale reflektory tych opraw musz\u0105 zapewni\u0107 w\u0105ski k\u0105t \u015bwiecenia.\n\n\t\t\t\t\t<\/p>\n\t\t\t\t\n\t\t\t<\/div>\n\t\t\t\n\t\t<\/div>\n\t\t\t\t\t\t<\/div>\n\t\t\t\t<\/div>\n\t\t\t\t<div data-animation-type=\"block\" class=\"elementor-element elementor-element-5cb2f9d elementor-view-default elementor-position-top elementor-mobile-position-top animation_type_block sc_fly_static elementor-invisible elementor-widget elementor-widget-icon-box\" data-id=\"5cb2f9d\" data-element_type=\"widget\" data-settings=\"{&quot;_animation&quot;:&quot;eventicity-fadeinup&quot;}\" data-widget_type=\"icon-box.default\">\n\t\t\t\t<div class=\"elementor-widget-container\">\n\t\t\t\t\t\t\t<div class=\"elementor-icon-box-wrapper\">\n\n\t\t\t\t\t\t<div class=\"elementor-icon-box-icon\">\n\t\t\t\t<span  class=\"elementor-icon\">\n\t\t\t\t\t\t\t\t<\/span>\n\t\t\t<\/div>\n\t\t\t\n\t\t\t\t\t\t<div class=\"elementor-icon-box-content\">\n\n\t\t\t\t\t\t\t\t\t<h3 class=\"elementor-icon-box-title\">\n\t\t\t\t\t\t<span  >\n\t\t\t\t\t\t\tSale of lighting in the warehouse hall:\t\t\t\t\t\t<\/span>\n\t\t\t\t\t<\/h3>\n\t\t\t\t\n\t\t\t\t\t\t\t\t\t<p class=\"elementor-icon-box-description\">\n\t\t\t\t\t\tMaster Light Service sells modern and specialized lighting solutions. With many years of experience in the industry, we can offer you to design and implement an attractive lighting system. We sell and guarantee service and installation.\t\t\t\t\t<\/p>\n\t\t\t\t\n\t\t\t<\/div>\n\t\t\t\n\t\t<\/div>\n\t\t\t\t\t\t<\/div>\n\t\t\t\t<\/div>\n\t\t\t\t<div data-animation-type=\"block\" class=\"elementor-element elementor-element-359c5c5 elementor-view-default elementor-position-top elementor-mobile-position-top animation_type_block sc_fly_static elementor-invisible elementor-widget elementor-widget-icon-box\" data-id=\"359c5c5\" data-element_type=\"widget\" data-settings=\"{&quot;_animation&quot;:&quot;eventicity-fadeinup&quot;}\" data-widget_type=\"icon-box.default\">\n\t\t\t\t<div class=\"elementor-widget-container\">\n\t\t\t\t\t\t\t<div class=\"elementor-icon-box-wrapper\">\n\n\t\t\t\t\t\t<div class=\"elementor-icon-box-icon\">\n\t\t\t\t<span  class=\"elementor-icon\">\n\t\t\t\t\t\t\t\t<\/span>\n\t\t\t<\/div>\n\t\t\t\n\t\t\t\t\t\t<div class=\"elementor-icon-box-content\">\n\n\t\t\t\t\t\t\t\t\t<h3 class=\"elementor-icon-box-title\">\n\t\t\t\t\t\t<span  >\n\t\t\t\t\t\t\tInstallation of lighting in the warehouse hall:\t\t\t\t\t\t<\/span>\n\t\t\t\t\t<\/h3>\n\t\t\t\t\n\t\t\t\t\t\t\t\t\t<p class=\"elementor-icon-box-description\">\n\t\t\t\t\t\tTechnologia LED niesie ze sob\u0105 wiele zalet, ale r\u00f3wnie\u017c specyficznych wymaga\u0144. Dlatego nasza firma dysponuje wykfalifikowanym zespo\u0142em, kt\u00f3ry podejmie si\u0119 ka\u017cdego monta\u017cu o\u015bwietlenia led. Nie boimy si\u0119 wyzwa\u0144 \u2013 to my zamontowali\u015bmy o\u015bwietlenie zewn\u0119trzne na \u201eWarsaw Spire\u201d\t\t\t\t\t<\/p>\n\t\t\t\t\n\t\t\t<\/div>\n\t\t\t\n\t\t<\/div>\n\t\t\t\t\t\t<\/div>\n\t\t\t\t<\/div>\n\t\t\t\t<div data-animation-type=\"block\" class=\"elementor-element elementor-element-b8421b2 elementor-view-default elementor-position-top elementor-mobile-position-top animation_type_block sc_fly_static elementor-invisible elementor-widget elementor-widget-icon-box\" data-id=\"b8421b2\" data-element_type=\"widget\" data-settings=\"{&quot;_animation&quot;:&quot;eventicity-fadeinup&quot;}\" data-widget_type=\"icon-box.default\">\n\t\t\t\t<div class=\"elementor-widget-container\">\n\t\t\t\t\t\t\t<div class=\"elementor-icon-box-wrapper\">\n\n\t\t\t\t\t\t<div class=\"elementor-icon-box-icon\">\n\t\t\t\t<span  class=\"elementor-icon\">\n\t\t\t\t\t\t\t\t<\/span>\n\t\t\t<\/div>\n\t\t\t\n\t\t\t\t\t\t<div class=\"elementor-icon-box-content\">\n\n\t\t\t\t\t\t\t\t\t<h3 class=\"elementor-icon-box-title\">\n\t\t\t\t\t\t<span  >\n\t\t\t\t\t\t\tWarehouse lighting service:\t\t\t\t\t\t<\/span>\n\t\t\t\t\t<\/h3>\n\t\t\t\t\n\t\t\t\t\t\t\t\t\t<p class=\"elementor-icon-box-description\">\n\t\t\t\t\t\tOdpowiednie zaplecze techniczne oraz wieloletnie do\u015bwiadczenie w bran\u017cy o\u015bwietleniowej pozwala nam zapewni\u0107 klientom sprawny serwis o\u015bwietlenia led.<br>\n\nWe restore the functionality of lighting electronics or replace faulty power systems and LED modules with new ones\n\n\t\t\t\t\t<\/p>\n\t\t\t\t\n\t\t\t<\/div>\n\t\t\t\n\t\t<\/div>\n\t\t\t\t\t\t<\/div>\n\t\t\t\t<\/div>\n\t\t\t\t<div class=\"elementor-element elementor-element-0d78aaf sc_fly_static elementor-widget elementor-widget-spacer\" data-id=\"0d78aaf\" data-element_type=\"widget\" data-widget_type=\"spacer.default\">\n\t\t\t\t<div class=\"elementor-widget-container\">\n\t\t\t\t\t\t\t<div class=\"elementor-spacer\">\n\t\t\t<div class=\"elementor-spacer-inner\"><\/div>\n\t\t<\/div>\n\t\t\t\t\t\t<\/div>\n\t\t\t\t<\/div>\n\t\t\t\t<\/div>\n\t\t\t\t\t<\/div>\n\t\t\t\t<\/div>\n\t\t\t\t<\/div>","protected":false},"excerpt":{"rendered":"<p>O\u015bwietlenie magazynu Magazyny na og\u00f3\u0142 nie maj\u0105 dost\u0119pu do \u015bwiat\u0142a dziennego. Wysokie konstrukcje dachowe i&hellip;<\/p>","protected":false},"author":1,"featured_media":0,"parent":0,"menu_order":0,"comment_status":"closed","ping_status":"closed","template":"elementor_header_footer","meta":{"_eb_attr":"","om_disable_all_campaigns":false,"_monsterinsights_skip_tracking":false,"_monsterinsights_sitenote_active":false,"_monsterinsights_sitenote_note":"","_monsterinsights_sitenote_category":0,"footnotes":""},"class_list":["post-570","page","type-page","status-publish","hentry"],"aioseo_notices":[],"_links":{"self":[{"href":"https:\/\/masterlightservice.pl\/en\/wp-json\/wp\/v2\/pages\/570","targetHints":{"allow":["GET"]}}],"collection":[{"href":"https:\/\/masterlightservice.pl\/en\/wp-json\/wp\/v2\/pages"}],"about":[{"href":"https:\/\/masterlightservice.pl\/en\/wp-json\/wp\/v2\/types\/page"}],"author":[{"embeddable":true,"href":"https:\/\/masterlightservice.pl\/en\/wp-json\/wp\/v2\/users\/1"}],"replies":[{"embeddable":true,"href":"https:\/\/masterlightservice.pl\/en\/wp-json\/wp\/v2\/comments?post=570"}],"version-history":[{"count":0,"href":"https:\/\/masterlightservice.pl\/en\/wp-json\/wp\/v2\/pages\/570\/revisions"}],"wp:attachment":[{"href":"https:\/\/masterlightservice.pl\/en\/wp-json\/wp\/v2\/media?parent=570"}],"curies":[{"name":"wp","href":"https:\/\/api.w.org\/{rel}","templated":true}]}}